{"id":4856,"date":"2025-09-03T06:45:43","date_gmt":"2025-09-03T06:45:43","guid":{"rendered":"https:\/\/p2ptec.com\/?page_id=4856"},"modified":"2025-09-03T19:43:17","modified_gmt":"2025-09-03T19:43:17","slug":"our-team","status":"publish","type":"page","link":"https:\/\/p2ptec.com\/pt\/our-team\/","title":{"rendered":"Equipe"},"content":{"rendered":"<div data-elementor-type=\"wp-page\" data-elementor-id=\"4856\" class=\"elementor elementor-4856\" data-elementor-post-type=\"page\">\n\t\t\t\t<div class=\"elementor-element elementor-element-e2d91b5 e-flex e-con-boxed e-con e-parent\" data-id=\"e2d91b5\" data-element_type=\"container\" data-settings=\"{&quot;background_background&quot;:&quot;classic&quot;}\">\n\t\t\t\t\t<div class=\"e-con-inner\">\n\t\t\t\t<div class=\"elementor-element elementor-element-dabd913 elementor-invisible elementor-widget elementor-widget-heading\" data-id=\"dabd913\" data-element_type=\"widget\" data-settings=\"{&quot;_animation&quot;:&quot;fadeIn&quot;}\" data-widget_type=\"heading.default\">\n\t\t\t\t\t<h2 class=\"elementor-heading-title elementor-size-default\">Equipe<\/h2>\t\t\t\t<\/div>\n\t\t\t\t<div class=\"elementor-element elementor-element-cf3c77e elementor-invisible elementor-widget elementor-widget-heading\" data-id=\"cf3c77e\" data-element_type=\"widget\" data-settings=\"{&quot;_animation&quot;:&quot;fadeInLeft&quot;}\" data-widget_type=\"heading.default\">\n\t\t\t\t\t<h2 class=\"elementor-heading-title elementor-size-default\">As empresas nos escolhem.<\/h2>\t\t\t\t<\/div>\n\t\t\t\t<div class=\"elementor-element elementor-element-b8b28ff elementor-invisible elementor-widget elementor-widget-text-editor\" data-id=\"b8b28ff\" data-element_type=\"widget\" data-settings=\"{&quot;_animation&quot;:&quot;fadeInLeft&quot;}\" data-widget_type=\"text-editor.default\">\n\t\t\t\t\t\t\t\t\t<p>H\u00e1 mais de 25 anos, empresas em todo o mundo confiam<br \/>na P2P Tech para desenvolver softwares que funcionam corretamente desde o in\u00edcio.<\/p>\t\t\t\t\t\t\t\t<\/div>\n\t\t\t\t\t<\/div>\n\t\t\t\t<\/div>\n\t\t<div class=\"elementor-element elementor-element-60a04c3 e-flex e-con-boxed e-con e-parent\" data-id=\"60a04c3\" data-element_type=\"container\">\n\t\t\t\t\t<div class=\"e-con-inner\">\n\t\t<div class=\"elementor-element elementor-element-9783cab e-con-full e-flex e-con e-child\" data-id=\"9783cab\" data-element_type=\"container\">\n\t\t\t\t<div class=\"elementor-element elementor-element-8747ab5 elementor-invisible elementor-widget elementor-widget-image\" data-id=\"8747ab5\" data-element_type=\"widget\" data-settings=\"{&quot;_animation&quot;:&quot;fadeInLeft&quot;}\" data-widget_type=\"image.default\">\n\t\t\t\t\t\t\t\t\t\t\t\t\t\t\t<img fetchpriority=\"high\" decoding=\"async\" width=\"677\" height=\"594\" src=\"https:\/\/p2ptec.com\/wp-content\/uploads\/2025\/09\/p2ptech.png\" class=\"attachment-large size-large wp-image-4859\" alt=\"\" srcset=\"https:\/\/p2ptec.com\/wp-content\/uploads\/2025\/09\/p2ptech.png 677w, https:\/\/p2ptec.com\/wp-content\/uploads\/2025\/09\/p2ptech-300x263.png 300w, https:\/\/p2ptec.com\/wp-content\/uploads\/2025\/09\/p2ptech-14x12.png 14w\" sizes=\"(max-width: 677px) 100vw, 677px\" \/>\t\t\t\t\t\t\t\t\t\t\t\t\t\t\t<\/div>\n\t\t\t\t<\/div>\n\t\t<div class=\"elementor-element elementor-element-fdcae81 e-con-full e-flex e-con e-child\" data-id=\"fdcae81\" data-element_type=\"container\">\n\t\t\t\t<div class=\"elementor-element elementor-element-6b2190f elementor-invisible elementor-widget elementor-widget-text-editor\" data-id=\"6b2190f\" data-element_type=\"widget\" data-settings=\"{&quot;_animation&quot;:&quot;fadeInRight&quot;}\" data-widget_type=\"text-editor.default\">\n\t\t\t\t\t\t\t\t\t<p>Liderada pelo CEO Jos\u00e9 Henrique Jamur, nossa equipe de analistas, designers e desenvolvedores combina profundo conhecimento t\u00e9cnico com uma abordagem centrada no ser humano. O que nos diferencia? Uma promessa simples: <span style=\"color: #000000;\"><strong>Entrega garantida. Zero surpresas.<\/strong><\/span><\/p>\t\t\t\t\t\t\t\t<\/div>\n\t\t\t\t<\/div>\n\t\t\t\t\t<\/div>\n\t\t\t\t<\/div>\n\t\t<div class=\"elementor-element elementor-element-cb15888 e-flex e-con-boxed e-con e-parent\" data-id=\"cb15888\" data-element_type=\"container\">\n\t\t\t\t\t<div class=\"e-con-inner\">\n\t\t\t\t<div class=\"elementor-element elementor-element-2d9879d elementor-widget elementor-widget-html\" data-id=\"2d9879d\" data-element_type=\"widget\" data-widget_type=\"html.default\">\n\t\t\t\t\t<div style=\"display: flex;\">\r\n  <img decoding=\"async\" src=\"https:\/\/p2ptec.com\/wp-content\/uploads\/2025\/09\/p2p-foto.png\" alt=\"Imagem 1\" style=\"width: 33.33%; height: auto; display: block;\">\r\n  <img decoding=\"async\" src=\"https:\/\/p2ptec.com\/wp-content\/uploads\/2025\/09\/p2p-foto2.png\" alt=\"Imagem 2\" style=\"width: 33.33%; height: auto; display: block;\">\r\n  <img decoding=\"async\" src=\"https:\/\/p2ptec.com\/wp-content\/uploads\/2025\/09\/p2p-foto3.png\" alt=\"Imagem 3\" style=\"width: 33.33%; height: auto; display: block;\">\r\n<\/div>\r\n\t\t\t\t<\/div>\n\t\t\t\t\t<\/div>\n\t\t\t\t<\/div>\n\t\t<div class=\"elementor-element elementor-element-0404ffd e-flex e-con-boxed e-con e-parent\" data-id=\"0404ffd\" data-element_type=\"container\">\n\t\t\t\t\t<div class=\"e-con-inner\">\n\t\t\t\t<div class=\"elementor-element elementor-element-bd3d2be elementor-invisible elementor-widget elementor-widget-heading\" data-id=\"bd3d2be\" data-element_type=\"widget\" data-settings=\"{&quot;_animation&quot;:&quot;fadeIn&quot;}\" data-widget_type=\"heading.default\">\n\t\t\t\t\t<h2 class=\"elementor-heading-title elementor-size-default\">O que fazemos<\/h2>\t\t\t\t<\/div>\n\t\t\t\t\t<\/div>\n\t\t\t\t<\/div>\n\t\t<div class=\"elementor-element elementor-element-33f549a e-flex e-con-boxed elementor-invisible e-con e-parent\" data-id=\"33f549a\" data-element_type=\"container\" data-settings=\"{&quot;animation&quot;:&quot;fadeIn&quot;}\">\n\t\t\t\t\t<div class=\"e-con-inner\">\n\t\t\t\t<div class=\"elementor-element elementor-element-0671c72 elementor-widget elementor-widget-text-editor\" data-id=\"0671c72\" data-element_type=\"widget\" data-widget_type=\"text-editor.default\">\n\t\t\t\t\t\t\t\t\t<p>Desenvolvimento de software personalizado (Web e empresarial)<\/p>\t\t\t\t\t\t\t\t<\/div>\n\t\t\t\t<div class=\"elementor-element elementor-element-e648196 elementor-widget elementor-widget-text-editor\" data-id=\"e648196\" data-element_type=\"widget\" data-widget_type=\"text-editor.default\">\n\t\t\t\t\t\t\t\t\t<p>Aplicativos m\u00f3veis (iOS, Android, multiplataforma)<\/p>\t\t\t\t\t\t\t\t<\/div>\n\t\t\t\t<div class=\"elementor-element elementor-element-a8c4e60 elementor-widget elementor-widget-text-editor\" data-id=\"a8c4e60\" data-element_type=\"widget\" data-widget_type=\"text-editor.default\">\n\t\t\t\t\t\t\t\t\t<p>IA e automa\u00e7\u00e3o para otimizar opera\u00e7\u00f5es<\/p>\t\t\t\t\t\t\t\t<\/div>\n\t\t\t\t<div class=\"elementor-element elementor-element-774eee9 elementor-widget elementor-widget-text-editor\" data-id=\"774eee9\" data-element_type=\"widget\" data-widget_type=\"text-editor.default\">\n\t\t\t\t\t\t\t\t\t<p>Design UX\/UI para experi\u00eancias intuitivas do usu\u00e1rio<\/p>\t\t\t\t\t\t\t\t<\/div>\n\t\t\t\t<div class=\"elementor-element elementor-element-11b8a17 elementor-widget elementor-widget-text-editor\" data-id=\"11b8a17\" data-element_type=\"widget\" data-widget_type=\"text-editor.default\">\n\t\t\t\t\t\t\t\t\t<p>Estrat\u00e9gia de Produto e Marketing atrav\u00e9s do P2P Mkt<\/p>\t\t\t\t\t\t\t\t<\/div>\n\t\t\t\t<div class=\"elementor-element elementor-element-79355a7 elementor-widget elementor-widget-text-editor\" data-id=\"79355a7\" data-element_type=\"widget\" data-widget_type=\"text-editor.default\">\n\t\t\t\t\t\t\t\t\t<p>Manuten\u00e7\u00e3o e dimensionamento para manter os sistemas crescendo<\/p>\t\t\t\t\t\t\t\t<\/div>\n\t\t\t\t\t<\/div>\n\t\t\t\t<\/div>\n\t\t<div class=\"elementor-element elementor-element-5b8a09e e-flex e-con-boxed elementor-invisible e-con e-parent\" data-id=\"5b8a09e\" data-element_type=\"container\" data-settings=\"{&quot;animation&quot;:&quot;fadeIn&quot;}\">\n\t\t\t\t\t<div class=\"e-con-inner\">\n\t\t\t\t<div class=\"elementor-element elementor-element-2322591 elementor-widget elementor-widget-heading\" data-id=\"2322591\" data-element_type=\"widget\" data-widget_type=\"heading.default\">\n\t\t\t\t\t<h2 class=\"elementor-heading-title elementor-size-default\">A Equipe<\/h2>\t\t\t\t<\/div>\n\t\t\t\t<div class=\"elementor-element elementor-element-59a6e70 elementor-widget elementor-widget-html\" data-id=\"59a6e70\" data-element_type=\"widget\" data-widget_type=\"html.default\">\n\t\t\t\t\t<!-- Importando a fonte Inter -->\r\n<link href=\"https:\/\/fonts.googleapis.com\/css2?family=Inter:wght@400;500;600;700&display=swap\" rel=\"stylesheet\">\r\n\r\n<style>\r\n  .team-container, .team-member, .member-info, .member-name, .member-role {\r\n    font-family: 'Inter', sans-serif;\r\n  }\r\n\r\n  .team-container {\r\n    display: grid;\r\n    grid-template-columns: repeat(4, 1fr);\r\n    gap: 20px;\r\n    max-width: 100%;\r\n    margin: 0 auto;\r\n    padding: 20px 0;\r\n  }\r\n\r\n  .team-member {\r\n    display: flex;\r\n    align-items: center;\r\n    gap: 10px;\r\n  }\r\n\r\n  .team-member .icon {\r\n    width: 50px;\r\n    height: 50px;\r\n    border-radius: 50%;\r\n    background-color: #ccc; \r\n    flex-shrink: 0;\r\n  }\r\n\r\n  .member-info {\r\n    display: flex;\r\n    flex-direction: column;\r\n  }\r\n\r\n  .member-name {\r\n    font-weight: 400; \r\n    color: #555;\r\n  }\r\n\r\n  .member-role {\r\n    font-size: 0.9em;\r\n    color: #555;\r\n  }\r\n\r\n  .team-container .empty {\r\n    visibility: hidden;\r\n  }\r\n\r\n  @media(max-width: 768px) {\r\n    .team-container {\r\n      grid-template-columns: repeat(2, 1fr);\r\n    }\r\n  }\r\n<\/style>\r\n\r\n\r\n<div class=\"team-container\">\r\n  <!-- Linha 1 -->\r\n  <div class=\"team-member\">\r\n    <div class=\"icon\"><\/div>\r\n    <div class=\"member-info\">\r\n      <span class=\"member-name\">Jos\u00e9 H. Jamur<\/span>\r\n      <span class=\"member-role\">CEO<\/span>\r\n    <\/div>\r\n  <\/div>\r\n  <div class=\"team-member\">\r\n    <div class=\"icon\"><\/div>\r\n    <div class=\"member-info\">\r\n      <span class=\"member-name\">Caroline Dias<\/span>\r\n      <span class=\"member-role\">UX Specialist<\/span>\r\n    <\/div>\r\n  <\/div>\r\n  <div class=\"team-member\">\r\n    <div class=\"icon\"><\/div>\r\n    <div class=\"member-info\">\r\n      <span class=\"member-name\">Marcelo Arrojo<\/span>\r\n      <span class=\"member-role\">P.O.<\/span>\r\n    <\/div>\r\n  <\/div>\r\n  <div class=\"team-member\">\r\n    <div class=\"icon\"><\/div>\r\n    <div class=\"member-info\">\r\n      <span class=\"member-name\">Pedro Henrique<\/span>\r\n      <span class=\"member-role\">Senior Developer<\/span>\r\n    <\/div>\r\n  <\/div>\r\n\r\n  <!-- Linha 2: 3 membros -->\r\n  <div class=\"team-member\">\r\n    <div class=\"icon\"><\/div>\r\n    <div class=\"member-info\">\r\n      <span class=\"member-name\">Kelvyn Giller<\/span>\r\n      <span class=\"member-role\">Developer<\/span>\r\n    <\/div>\r\n  <\/div>\r\n  <div class=\"team-member\">\r\n    <div class=\"icon\"><\/div>\r\n    <div class=\"member-info\">\r\n      <span class=\"member-name\">Radson Brendon<\/span>\r\n      <span class=\"member-role\">Developer<\/span>\r\n    <\/div>\r\n  <\/div>\r\n  <div class=\"team-member\">\r\n    <div class=\"icon\"><\/div>\r\n    <div class=\"member-info\">\r\n      <span class=\"member-name\">Ot\u00e1vio Piotto<\/span>\r\n      <span class=\"member-role\">Full Stack Dev<\/span>\r\n    <\/div>\r\n  <\/div>\r\n  <div class=\"empty\"><\/div>\r\n<\/div>\r\n\t\t\t\t<\/div>\n\t\t\t\t\t<\/div>\n\t\t\t\t<\/div>\n\t\t<div class=\"elementor-element elementor-element-e2fca45 e-flex e-con-boxed elementor-invisible e-con e-parent\" data-id=\"e2fca45\" data-element_type=\"container\" data-settings=\"{&quot;animation&quot;:&quot;fadeIn&quot;}\">\n\t\t\t\t\t<div class=\"e-con-inner\">\n\t\t\t\t<div class=\"elementor-element elementor-element-c04efa4 elementor-widget elementor-widget-heading\" data-id=\"c04efa4\" data-element_type=\"widget\" data-widget_type=\"heading.default\">\n\t\t\t\t\t<h2 class=\"elementor-heading-title elementor-size-default\">Nossos Clientes<\/h2>\t\t\t\t<\/div>\n\t\t\t\t\t<\/div>\n\t\t\t\t<\/div>\n\t\t<div class=\"elementor-element elementor-element-c2adbca e-flex e-con-boxed elementor-invisible e-con e-parent\" data-id=\"c2adbca\" data-element_type=\"container\" data-settings=\"{&quot;animation&quot;:&quot;fadeIn&quot;}\">\n\t\t\t\t\t<div class=\"e-con-inner\">\n\t\t<div class=\"elementor-element elementor-element-5383ab8 e-con-full e-flex e-con e-child\" data-id=\"5383ab8\" data-element_type=\"container\">\n\t\t\t\t<div class=\"elementor-element elementor-element-89a9f2a elementor-widget elementor-widget-image\" data-id=\"89a9f2a\" data-element_type=\"widget\" data-widget_type=\"image.default\">\n\t\t\t\t\t\t\t\t\t\t\t\t\t\t\t<img decoding=\"async\" width=\"216\" height=\"216\" src=\"https:\/\/p2ptec.com\/wp-content\/uploads\/2025\/09\/Personaliza_Site_Fotos_Clientes_375x375px_14-1.png\" class=\"attachment-medium size-medium wp-image-4924\" alt=\"\" srcset=\"https:\/\/p2ptec.com\/wp-content\/uploads\/2025\/09\/Personaliza_Site_Fotos_Clientes_375x375px_14-1.png 216w, https:\/\/p2ptec.com\/wp-content\/uploads\/2025\/09\/Personaliza_Site_Fotos_Clientes_375x375px_14-1-150x150.png 150w, https:\/\/p2ptec.com\/wp-content\/uploads\/2025\/09\/Personaliza_Site_Fotos_Clientes_375x375px_14-1-12x12.png 12w\" sizes=\"(max-width: 216px) 100vw, 216px\" \/>\t\t\t\t\t\t\t\t\t\t\t\t\t\t\t<\/div>\n\t\t\t\t<\/div>\n\t\t<div class=\"elementor-element elementor-element-3d3c135 e-con-full e-flex e-con e-child\" data-id=\"3d3c135\" data-element_type=\"container\">\n\t\t\t\t<div class=\"elementor-element elementor-element-c5a9464 elementor-widget elementor-widget-image\" data-id=\"c5a9464\" data-element_type=\"widget\" data-widget_type=\"image.default\">\n\t\t\t\t\t\t\t\t\t\t\t\t\t\t\t<img decoding=\"async\" width=\"217\" height=\"216\" src=\"https:\/\/p2ptec.com\/wp-content\/uploads\/2025\/09\/Personaliza_Site_Fotos_Clientes_375x375px_13-1.png\" class=\"attachment-medium size-medium wp-image-4923\" alt=\"\" srcset=\"https:\/\/p2ptec.com\/wp-content\/uploads\/2025\/09\/Personaliza_Site_Fotos_Clientes_375x375px_13-1.png 217w, https:\/\/p2ptec.com\/wp-content\/uploads\/2025\/09\/Personaliza_Site_Fotos_Clientes_375x375px_13-1-150x150.png 150w, https:\/\/p2ptec.com\/wp-content\/uploads\/2025\/09\/Personaliza_Site_Fotos_Clientes_375x375px_13-1-12x12.png 12w\" sizes=\"(max-width: 217px) 100vw, 217px\" \/>\t\t\t\t\t\t\t\t\t\t\t\t\t\t\t<\/div>\n\t\t\t\t<\/div>\n\t\t<div class=\"elementor-element elementor-element-ec369f0 e-con-full e-flex e-con e-child\" data-id=\"ec369f0\" data-element_type=\"container\">\n\t\t\t\t<div class=\"elementor-element elementor-element-35a0935 elementor-widget elementor-widget-image\" data-id=\"35a0935\" data-element_type=\"widget\" data-widget_type=\"image.default\">\n\t\t\t\t\t\t\t\t\t\t\t\t\t\t\t<img loading=\"lazy\" decoding=\"async\" width=\"217\" height=\"216\" src=\"https:\/\/p2ptec.com\/wp-content\/uploads\/2025\/09\/Personaliza_Site_Fotos_Clientes_375x375px_03-1.png\" class=\"attachment-medium size-medium wp-image-4919\" alt=\"\" srcset=\"https:\/\/p2ptec.com\/wp-content\/uploads\/2025\/09\/Personaliza_Site_Fotos_Clientes_375x375px_03-1.png 217w, https:\/\/p2ptec.com\/wp-content\/uploads\/2025\/09\/Personaliza_Site_Fotos_Clientes_375x375px_03-1-150x150.png 150w, https:\/\/p2ptec.com\/wp-content\/uploads\/2025\/09\/Personaliza_Site_Fotos_Clientes_375x375px_03-1-12x12.png 12w\" sizes=\"(max-width: 217px) 100vw, 217px\" \/>\t\t\t\t\t\t\t\t\t\t\t\t\t\t\t<\/div>\n\t\t\t\t<\/div>\n\t\t<div class=\"elementor-element elementor-element-060253a e-con-full e-flex e-con e-child\" data-id=\"060253a\" data-element_type=\"container\">\n\t\t\t\t<div class=\"elementor-element elementor-element-94faa1e elementor-widget elementor-widget-image\" data-id=\"94faa1e\" data-element_type=\"widget\" data-widget_type=\"image.default\">\n\t\t\t\t\t\t\t\t\t\t\t\t\t\t\t<img loading=\"lazy\" decoding=\"async\" width=\"216\" height=\"216\" src=\"https:\/\/p2ptec.com\/wp-content\/uploads\/2025\/09\/Personaliza_Site_Fotos_Clientes_375x375px_10-1.png\" class=\"attachment-medium size-medium wp-image-4921\" alt=\"\" srcset=\"https:\/\/p2ptec.com\/wp-content\/uploads\/2025\/09\/Personaliza_Site_Fotos_Clientes_375x375px_10-1.png 216w, https:\/\/p2ptec.com\/wp-content\/uploads\/2025\/09\/Personaliza_Site_Fotos_Clientes_375x375px_10-1-150x150.png 150w, https:\/\/p2ptec.com\/wp-content\/uploads\/2025\/09\/Personaliza_Site_Fotos_Clientes_375x375px_10-1-12x12.png 12w\" sizes=\"(max-width: 216px) 100vw, 216px\" \/>\t\t\t\t\t\t\t\t\t\t\t\t\t\t\t<\/div>\n\t\t\t\t<\/div>\n\t\t<div class=\"elementor-element elementor-element-f842c7d e-con-full e-flex e-con e-child\" data-id=\"f842c7d\" data-element_type=\"container\">\n\t\t\t\t<div class=\"elementor-element elementor-element-787bfb9 elementor-widget elementor-widget-image\" data-id=\"787bfb9\" data-element_type=\"widget\" data-widget_type=\"image.default\">\n\t\t\t\t\t\t\t\t\t\t\t\t\t\t\t<img loading=\"lazy\" decoding=\"async\" width=\"216\" height=\"216\" src=\"https:\/\/p2ptec.com\/wp-content\/uploads\/2025\/09\/Personaliza_Site_Fotos_Clientes_375x375px_05-1.png\" class=\"attachment-medium size-medium wp-image-4920\" alt=\"\" srcset=\"https:\/\/p2ptec.com\/wp-content\/uploads\/2025\/09\/Personaliza_Site_Fotos_Clientes_375x375px_05-1.png 216w, https:\/\/p2ptec.com\/wp-content\/uploads\/2025\/09\/Personaliza_Site_Fotos_Clientes_375x375px_05-1-150x150.png 150w, https:\/\/p2ptec.com\/wp-content\/uploads\/2025\/09\/Personaliza_Site_Fotos_Clientes_375x375px_05-1-12x12.png 12w\" sizes=\"(max-width: 216px) 100vw, 216px\" \/>\t\t\t\t\t\t\t\t\t\t\t\t\t\t\t<\/div>\n\t\t\t\t<\/div>\n\t\t<div class=\"elementor-element elementor-element-0f964b4 e-con-full e-flex e-con e-child\" data-id=\"0f964b4\" data-element_type=\"container\">\n\t\t\t\t<div class=\"elementor-element elementor-element-285e455 elementor-widget elementor-widget-image\" data-id=\"285e455\" data-element_type=\"widget\" data-widget_type=\"image.default\">\n\t\t\t\t\t\t\t\t\t\t\t\t\t\t\t<img loading=\"lazy\" decoding=\"async\" width=\"216\" height=\"216\" src=\"https:\/\/p2ptec.com\/wp-content\/uploads\/2025\/09\/Personaliza_Site_Fotos_Clientes_375x375px_11-1.png\" class=\"attachment-medium size-medium wp-image-4922\" alt=\"\" srcset=\"https:\/\/p2ptec.com\/wp-content\/uploads\/2025\/09\/Personaliza_Site_Fotos_Clientes_375x375px_11-1.png 216w, https:\/\/p2ptec.com\/wp-content\/uploads\/2025\/09\/Personaliza_Site_Fotos_Clientes_375x375px_11-1-150x150.png 150w, https:\/\/p2ptec.com\/wp-content\/uploads\/2025\/09\/Personaliza_Site_Fotos_Clientes_375x375px_11-1-12x12.png 12w\" sizes=\"(max-width: 216px) 100vw, 216px\" \/>\t\t\t\t\t\t\t\t\t\t\t\t\t\t\t<\/div>\n\t\t\t\t<\/div>\n\t\t\t\t\t<\/div>\n\t\t\t\t<\/div>\n\t\t<div class=\"elementor-element elementor-element-a05d3d5 e-con-full elementor-hidden-tablet elementor-hidden-mobile e-flex e-con e-parent\" data-id=\"a05d3d5\" data-element_type=\"container\" data-settings=\"{&quot;background_background&quot;:&quot;classic&quot;}\">\n\t\t\t\t<div class=\"elementor-element elementor-element-d27a1ce elementor-widget elementor-widget-heading\" data-id=\"d27a1ce\" data-element_type=\"widget\" data-widget_type=\"heading.default\">\n\t\t\t\t\t<h2 class=\"elementor-heading-title elementor-size-default\">Vamos Construir Algo Extraordin\u00e1rio\n<\/h2>\t\t\t\t<\/div>\n\t\t\t\t<div class=\"elementor-element elementor-element-4e437a7 elementor-widget elementor-widget-heading\" data-id=\"4e437a7\" data-element_type=\"widget\" data-widget_type=\"heading.default\">\n\t\t\t\t\t<h2 class=\"elementor-heading-title elementor-size-default\">N\u00e3o importa se voc\u00ea est\u00e1 come\u00e7ando do zero ou expandindo um produto existente, a P2P Tech est\u00e1 pronta para entregar.\n<\/h2>\t\t\t\t<\/div>\n\t\t\t\t<div class=\"elementor-element elementor-element-9ac26e0 elementor-align-center elementor-widget elementor-widget-button\" data-id=\"9ac26e0\" data-element_type=\"widget\" data-widget_type=\"button.default\">\n\t\t\t\t\t\t\t\t\t\t<a class=\"elementor-button elementor-button-link elementor-size-sm\" href=\"https:\/\/api.whatsapp.com\/send?phone=5541999858500&#038;text\" target=\"_blank\">\n\t\t\t\t\t\t<span class=\"elementor-button-content-wrapper\">\n\t\t\t\t\t\t\t\t\t<span class=\"elementor-button-text\">Agende uma liga\u00e7\u00e3o gratuita hoje mesmo<\/span>\n\t\t\t\t\t<\/span>\n\t\t\t\t\t<\/a>\n\t\t\t\t\t\t\t\t<\/div>\n\t\t\t\t<\/div>\n\t\t<div class=\"elementor-element elementor-element-d1a7465 e-con-full elementor-hidden-desktop e-flex e-con e-parent\" data-id=\"d1a7465\" data-element_type=\"container\" data-settings=\"{&quot;background_background&quot;:&quot;classic&quot;}\">\n\t\t\t\t<div class=\"elementor-element elementor-element-e4a9d0a elementor-widget elementor-widget-heading\" data-id=\"e4a9d0a\" data-element_type=\"widget\" data-widget_type=\"heading.default\">\n\t\t\t\t\t<h2 class=\"elementor-heading-title elementor-size-default\">Vamos Construir Algo Extraordin\u00e1rio\n<\/h2>\t\t\t\t<\/div>\n\t\t\t\t<div class=\"elementor-element elementor-element-d658bdc elementor-widget elementor-widget-heading\" data-id=\"d658bdc\" data-element_type=\"widget\" data-widget_type=\"heading.default\">\n\t\t\t\t\t<h2 class=\"elementor-heading-title elementor-size-default\">N\u00e3o importa se voc\u00ea est\u00e1 come\u00e7ando do zero ou expandindo um produto existente, a P2P Tech est\u00e1 pronta para entregar.\n<\/h2>\t\t\t\t<\/div>\n\t\t\t\t<div class=\"elementor-element elementor-element-b6ff070 elementor-align-center elementor-widget elementor-widget-button\" data-id=\"b6ff070\" data-element_type=\"widget\" data-widget_type=\"button.default\">\n\t\t\t\t\t\t\t\t\t\t<a class=\"elementor-button elementor-button-link elementor-size-sm\" href=\"https:\/\/api.whatsapp.com\/send?phone=5541999858500&#038;text\" target=\"_blank\">\n\t\t\t\t\t\t<span class=\"elementor-button-content-wrapper\">\n\t\t\t\t\t\t\t\t\t<span class=\"elementor-button-text\">Agende uma liga\u00e7\u00e3o gratuita hoje mesmo<\/span>\n\t\t\t\t\t<\/span>\n\t\t\t\t\t<\/a>\n\t\t\t\t\t\t\t\t<\/div>\n\t\t\t\t<\/div>\n\t\t\t\t<\/div>","protected":false},"excerpt":{"rendered":"<p>Our Team Companies Choose Us. For more than 25 years, companies around the world have trustedP2P Tech to build software that works right the first time. Led by CEO Jose Henrique Jamur, our team of analysts, designers, and developers blends deep technical expertise with a human-centered approach. What sets us apart? A simple promise: Guaranteed [&hellip;]<\/p>","protected":false},"author":1,"featured_media":0,"parent":0,"menu_order":0,"comment_status":"closed","ping_status":"closed","template":"","meta":{"footnotes":""},"class_list":["post-4856","page","type-page","status-publish","hentry"],"aioseo_notices":[],"_links":{"self":[{"href":"https:\/\/p2ptec.com\/pt\/wp-json\/wp\/v2\/pages\/4856","targetHints":{"allow":["GET"]}}],"collection":[{"href":"https:\/\/p2ptec.com\/pt\/wp-json\/wp\/v2\/pages"}],"about":[{"href":"https:\/\/p2ptec.com\/pt\/wp-json\/wp\/v2\/types\/page"}],"author":[{"embeddable":true,"href":"https:\/\/p2ptec.com\/pt\/wp-json\/wp\/v2\/users\/1"}],"replies":[{"embeddable":true,"href":"https:\/\/p2ptec.com\/pt\/wp-json\/wp\/v2\/comments?post=4856"}],"version-history":[{"count":82,"href":"https:\/\/p2ptec.com\/pt\/wp-json\/wp\/v2\/pages\/4856\/revisions"}],"predecessor-version":[{"id":5064,"href":"https:\/\/p2ptec.com\/pt\/wp-json\/wp\/v2\/pages\/4856\/revisions\/5064"}],"wp:attachment":[{"href":"https:\/\/p2ptec.com\/pt\/wp-json\/wp\/v2\/media?parent=4856"}],"curies":[{"name":"wp","href":"https:\/\/api.w.org\/{rel}","templated":true}]}}