{"id":4810,"date":"2025-09-03T06:25:39","date_gmt":"2025-09-03T06:25:39","guid":{"rendered":"https:\/\/p2ptec.com\/?page_id=4810"},"modified":"2025-09-03T06:25:57","modified_gmt":"2025-09-03T06:25:57","slug":"sage","status":"publish","type":"page","link":"https:\/\/p2ptec.com\/pt\/cases\/sage\/","title":{"rendered":"SAGE"},"content":{"rendered":"<div data-elementor-type=\"wp-page\" data-elementor-id=\"4810\" class=\"elementor elementor-4810\" data-elementor-post-type=\"page\">\n\t\t\t\t<div class=\"elementor-element elementor-element-998e8d8 e-flex e-con-boxed e-con e-parent\" data-id=\"998e8d8\" data-element_type=\"container\" data-settings=\"{&quot;background_background&quot;:&quot;classic&quot;}\">\n\t\t\t\t\t<div class=\"e-con-inner\">\n\t\t\t\t<div class=\"elementor-element elementor-element-5a7670a elementor-invisible elementor-widget elementor-widget-heading\" data-id=\"5a7670a\" data-element_type=\"widget\" data-settings=\"{&quot;_animation&quot;:&quot;fadeIn&quot;}\" data-widget_type=\"heading.default\">\n\t\t\t\t\t<h2 class=\"elementor-heading-title elementor-size-default\">SAGE<\/h2>\t\t\t\t<\/div>\n\t\t\t\t\t<\/div>\n\t\t\t\t<\/div>\n\t\t<div class=\"elementor-element elementor-element-c727554 e-flex e-con-boxed e-con e-parent\" data-id=\"c727554\" data-element_type=\"container\">\n\t\t\t\t\t<div class=\"e-con-inner\">\n\t\t<div class=\"elementor-element elementor-element-45c0fb7 e-con-full e-flex e-con e-child\" data-id=\"45c0fb7\" data-element_type=\"container\">\n\t\t\t\t<div class=\"elementor-element elementor-element-8303e20 elementor-invisible elementor-widget elementor-widget-text-editor\" data-id=\"8303e20\" data-element_type=\"widget\" data-settings=\"{&quot;_animation&quot;:&quot;fadeInLeft&quot;}\" data-widget_type=\"text-editor.default\">\n\t\t\t\t\t\t\t\t\t<p><span style=\"font-weight: 400;\">Desafios: Aumentar o ticket m\u00e9dio e a reten\u00e7\u00e3o de clientes do sistema de software de gest\u00e3o cont\u00e1bil.<\/span><\/p><p><span style=\"font-weight: 400;\">Solu\u00e7\u00f5es: Planejamento, execu\u00e7\u00e3o e gest\u00e3o do Programa SAGE Accountant\u2019s Club, um programa de relacionamento para membros contadores. Ele oferece um portal com mensalidades, ofertas de parceiros e uma plataforma educacional online para treinamento e informa\u00e7\u00f5es sobre o segmento cont\u00e1bil, utilizando modernas tecnologias de gest\u00e3o e conhecimento. Conquistou mais de 10.000 membros pagantes em 12 meses.<\/span><\/p>\t\t\t\t\t\t\t\t<\/div>\n\t\t\t\t<\/div>\n\t\t<div class=\"elementor-element elementor-element-8878989 e-con-full e-flex e-con e-child\" data-id=\"8878989\" data-element_type=\"container\">\n\t\t\t\t<\/div>\n\t\t\t\t\t<\/div>\n\t\t\t\t<\/div>\n\t\t<div class=\"elementor-element elementor-element-8d6ebf7 e-con-full elementor-hidden-tablet elementor-hidden-mobile e-flex e-con e-parent\" data-id=\"8d6ebf7\" data-element_type=\"container\" data-settings=\"{&quot;background_background&quot;:&quot;classic&quot;}\">\n\t\t\t\t<div class=\"elementor-element elementor-element-26f15a8 elementor-widget elementor-widget-heading\" data-id=\"26f15a8\" data-element_type=\"widget\" data-widget_type=\"heading.default\">\n\t\t\t\t\t<h2 class=\"elementor-heading-title elementor-size-default\">Vamos Construir Algo Extraordin\u00e1rio\n<\/h2>\t\t\t\t<\/div>\n\t\t\t\t<div class=\"elementor-element elementor-element-a8fb660 elementor-widget elementor-widget-heading\" data-id=\"a8fb660\" data-element_type=\"widget\" data-widget_type=\"heading.default\">\n\t\t\t\t\t<h2 class=\"elementor-heading-title elementor-size-default\">N\u00e3o importa se voc\u00ea est\u00e1 come\u00e7ando do zero ou expandindo um produto existente, a P2P Tech est\u00e1 pronta para entregar.\n<\/h2>\t\t\t\t<\/div>\n\t\t\t\t<div class=\"elementor-element elementor-element-14fa9b8 elementor-align-center elementor-widget elementor-widget-button\" data-id=\"14fa9b8\" data-element_type=\"widget\" data-widget_type=\"button.default\">\n\t\t\t\t\t\t\t\t\t\t<a class=\"elementor-button elementor-button-link elementor-size-sm\" href=\"https:\/\/api.whatsapp.com\/send?phone=5541999858500&#038;text\" target=\"_blank\">\n\t\t\t\t\t\t<span class=\"elementor-button-content-wrapper\">\n\t\t\t\t\t\t\t\t\t<span class=\"elementor-button-text\">Agende uma liga\u00e7\u00e3o gratuita hoje mesmo<\/span>\n\t\t\t\t\t<\/span>\n\t\t\t\t\t<\/a>\n\t\t\t\t\t\t\t\t<\/div>\n\t\t\t\t<\/div>\n\t\t<div class=\"elementor-element elementor-element-82297c1 e-con-full elementor-hidden-desktop e-flex e-con e-parent\" data-id=\"82297c1\" data-element_type=\"container\" data-settings=\"{&quot;background_background&quot;:&quot;classic&quot;}\">\n\t\t\t\t<div class=\"elementor-element elementor-element-50b9b49 elementor-widget elementor-widget-heading\" data-id=\"50b9b49\" data-element_type=\"widget\" data-widget_type=\"heading.default\">\n\t\t\t\t\t<h2 class=\"elementor-heading-title elementor-size-default\">Vamos Construir Algo Extraordin\u00e1rio\n<\/h2>\t\t\t\t<\/div>\n\t\t\t\t<div class=\"elementor-element elementor-element-d19bc60 elementor-widget elementor-widget-heading\" data-id=\"d19bc60\" data-element_type=\"widget\" data-widget_type=\"heading.default\">\n\t\t\t\t\t<h2 class=\"elementor-heading-title elementor-size-default\">N\u00e3o importa se voc\u00ea est\u00e1 come\u00e7ando do zero ou expandindo um produto existente, a P2P Tech est\u00e1 pronta para entregar.\n<\/h2>\t\t\t\t<\/div>\n\t\t\t\t<div class=\"elementor-element elementor-element-a91abe5 elementor-align-center elementor-widget elementor-widget-button\" data-id=\"a91abe5\" data-element_type=\"widget\" data-widget_type=\"button.default\">\n\t\t\t\t\t\t\t\t\t\t<a class=\"elementor-button elementor-button-link elementor-size-sm\" href=\"https:\/\/api.whatsapp.com\/send?phone=5541999858500&#038;text\" target=\"_blank\">\n\t\t\t\t\t\t<span class=\"elementor-button-content-wrapper\">\n\t\t\t\t\t\t\t\t\t<span class=\"elementor-button-text\">Agende uma liga\u00e7\u00e3o gratuita hoje mesmo<\/span>\n\t\t\t\t\t<\/span>\n\t\t\t\t\t<\/a>\n\t\t\t\t\t\t\t\t<\/div>\n\t\t\t\t<\/div>\n\t\t\t\t<\/div>","protected":false},"excerpt":{"rendered":"<p>SAGE Challenges: Increase the average ticket and customer retention of the accounting management software system. Solutions: Planning, execution, and management of the SAGE Accountant&#8217;s Club Program, a relationship program for accountant members. It provides a portal with monthly fees, partner offers, and an online educational platform for training and information on the accounting segment, using [&hellip;]<\/p>","protected":false},"author":1,"featured_media":0,"parent":4530,"menu_order":0,"comment_status":"closed","ping_status":"closed","template":"","meta":{"footnotes":""},"class_list":["post-4810","page","type-page","status-publish","hentry"],"aioseo_notices":[],"_links":{"self":[{"href":"https:\/\/p2ptec.com\/pt\/wp-json\/wp\/v2\/pages\/4810","targetHints":{"allow":["GET"]}}],"collection":[{"href":"https:\/\/p2ptec.com\/pt\/wp-json\/wp\/v2\/pages"}],"about":[{"href":"https:\/\/p2ptec.com\/pt\/wp-json\/wp\/v2\/types\/page"}],"author":[{"embeddable":true,"href":"https:\/\/p2ptec.com\/pt\/wp-json\/wp\/v2\/users\/1"}],"replies":[{"embeddable":true,"href":"https:\/\/p2ptec.com\/pt\/wp-json\/wp\/v2\/comments?post=4810"}],"version-history":[{"count":4,"href":"https:\/\/p2ptec.com\/pt\/wp-json\/wp\/v2\/pages\/4810\/revisions"}],"predecessor-version":[{"id":4814,"href":"https:\/\/p2ptec.com\/pt\/wp-json\/wp\/v2\/pages\/4810\/revisions\/4814"}],"up":[{"embeddable":true,"href":"https:\/\/p2ptec.com\/pt\/wp-json\/wp\/v2\/pages\/4530"}],"wp:attachment":[{"href":"https:\/\/p2ptec.com\/pt\/wp-json\/wp\/v2\/media?parent=4810"}],"curies":[{"name":"wp","href":"https:\/\/api.w.org\/{rel}","templated":true}]}}