{"id":4782,"date":"2025-09-03T06:17:45","date_gmt":"2025-09-03T06:17:45","guid":{"rendered":"https:\/\/p2ptec.com\/?page_id=4782"},"modified":"2025-09-03T06:21:44","modified_gmt":"2025-09-03T06:21:44","slug":"tiempo","status":"publish","type":"page","link":"https:\/\/p2ptec.com\/pt\/cases\/tiempo\/","title":{"rendered":"TIEMPO"},"content":{"rendered":"<div data-elementor-type=\"wp-page\" data-elementor-id=\"4782\" class=\"elementor elementor-4782\" data-elementor-post-type=\"page\">\n\t\t\t\t<div class=\"elementor-element elementor-element-998e8d8 e-flex e-con-boxed e-con e-parent\" data-id=\"998e8d8\" data-element_type=\"container\" data-settings=\"{&quot;background_background&quot;:&quot;classic&quot;}\">\n\t\t\t\t\t<div class=\"e-con-inner\">\n\t\t\t\t<div class=\"elementor-element elementor-element-5a7670a elementor-invisible elementor-widget elementor-widget-heading\" data-id=\"5a7670a\" data-element_type=\"widget\" data-settings=\"{&quot;_animation&quot;:&quot;fadeIn&quot;}\" data-widget_type=\"heading.default\">\n\t\t\t\t\t<h2 class=\"elementor-heading-title elementor-size-default\">TIEMPO<\/h2>\t\t\t\t<\/div>\n\t\t\t\t\t<\/div>\n\t\t\t\t<\/div>\n\t\t<div class=\"elementor-element elementor-element-c727554 e-flex e-con-boxed e-con e-parent\" data-id=\"c727554\" data-element_type=\"container\">\n\t\t\t\t\t<div class=\"e-con-inner\">\n\t\t<div class=\"elementor-element elementor-element-45c0fb7 e-con-full e-flex e-con e-child\" data-id=\"45c0fb7\" data-element_type=\"container\">\n\t\t\t\t<div class=\"elementor-element elementor-element-8303e20 elementor-invisible elementor-widget elementor-widget-text-editor\" data-id=\"8303e20\" data-element_type=\"widget\" data-settings=\"{&quot;_animation&quot;:&quot;fadeInLeft&quot;}\" data-widget_type=\"text-editor.default\">\n\t\t\t\t\t\t\t\t\t<p>O Tiempo foi criado para oferecer aos microempreendedores ferramentas que podem agilizar o trabalho administrativo e as rotinas profissionais.<\/p><p>O Tiempo, um aplicativo que agiliza o processo de recebimento e produ\u00e7\u00e3o de or\u00e7amentos, permite que voc\u00ea mantenha mensagens b\u00e1sicas de conversa\u00e7\u00e3o, perguntas, negocia\u00e7\u00f5es e aceita\u00e7\u00f5es em um s\u00f3 lugar. Al\u00e9m de oferecer este servi\u00e7o aos seus clientes, voc\u00ea tamb\u00e9m pode solicitar or\u00e7amentos aos fornecedores.<\/p>\t\t\t\t\t\t\t\t<\/div>\n\t\t\t\t<\/div>\n\t\t<div class=\"elementor-element elementor-element-8878989 e-con-full e-flex e-con e-child\" data-id=\"8878989\" data-element_type=\"container\" data-settings=\"{&quot;motion_fx_motion_fx_scrolling&quot;:&quot;yes&quot;,&quot;motion_fx_translateY_effect&quot;:&quot;yes&quot;,&quot;motion_fx_translateY_direction&quot;:&quot;negative&quot;,&quot;motion_fx_translateY_affectedRange&quot;:{&quot;unit&quot;:&quot;%&quot;,&quot;size&quot;:&quot;&quot;,&quot;sizes&quot;:{&quot;start&quot;:46,&quot;end&quot;:49}},&quot;motion_fx_devices&quot;:[&quot;desktop&quot;],&quot;motion_fx_translateY_speed&quot;:{&quot;unit&quot;:&quot;px&quot;,&quot;size&quot;:4,&quot;sizes&quot;:[]}}\">\n\t\t\t\t<div class=\"elementor-element elementor-element-da2343a elementor-invisible elementor-widget elementor-widget-image\" data-id=\"da2343a\" data-element_type=\"widget\" data-settings=\"{&quot;_animation&quot;:&quot;fadeInRight&quot;}\" data-widget_type=\"image.default\">\n\t\t\t\t\t\t\t\t\t\t\t\t\t\t\t<img fetchpriority=\"high\" decoding=\"async\" width=\"787\" height=\"534\" src=\"https:\/\/p2ptec.com\/wp-content\/uploads\/2025\/09\/tiempo1.png\" class=\"attachment-large size-large wp-image-4784\" alt=\"\" srcset=\"https:\/\/p2ptec.com\/wp-content\/uploads\/2025\/09\/tiempo1.png 787w, https:\/\/p2ptec.com\/wp-content\/uploads\/2025\/09\/tiempo1-300x204.png 300w, https:\/\/p2ptec.com\/wp-content\/uploads\/2025\/09\/tiempo1-768x521.png 768w, https:\/\/p2ptec.com\/wp-content\/uploads\/2025\/09\/tiempo1-18x12.png 18w\" sizes=\"(max-width: 787px) 100vw, 787px\" \/>\t\t\t\t\t\t\t\t\t\t\t\t\t\t\t<\/div>\n\t\t\t\t<\/div>\n\t\t\t\t\t<\/div>\n\t\t\t\t<\/div>\n\t\t<div class=\"elementor-element elementor-element-7bb86de e-con-full e-flex e-con e-parent\" data-id=\"7bb86de\" data-element_type=\"container\">\n\t\t<div class=\"elementor-element elementor-element-c09c765 e-con-full e-flex e-con e-child\" data-id=\"c09c765\" data-element_type=\"container\">\n\t\t\t\t<div class=\"elementor-element elementor-element-fe9b98c elementor-widget elementor-widget-image\" data-id=\"fe9b98c\" data-element_type=\"widget\" data-widget_type=\"image.default\">\n\t\t\t\t\t\t\t\t\t\t\t\t\t\t\t<img decoding=\"async\" width=\"753\" height=\"500\" src=\"https:\/\/p2ptec.com\/wp-content\/uploads\/2025\/09\/tiempo2.png\" class=\"attachment-large size-large wp-image-4788\" alt=\"\" srcset=\"https:\/\/p2ptec.com\/wp-content\/uploads\/2025\/09\/tiempo2.png 753w, https:\/\/p2ptec.com\/wp-content\/uploads\/2025\/09\/tiempo2-300x199.png 300w, https:\/\/p2ptec.com\/wp-content\/uploads\/2025\/09\/tiempo2-18x12.png 18w\" sizes=\"(max-width: 753px) 100vw, 753px\" \/>\t\t\t\t\t\t\t\t\t\t\t\t\t\t\t<\/div>\n\t\t\t\t<\/div>\n\t\t<div class=\"elementor-element elementor-element-df1092c e-con-full e-flex e-con e-child\" data-id=\"df1092c\" data-element_type=\"container\">\n\t\t\t\t<div class=\"elementor-element elementor-element-66a29bd elementor-widget elementor-widget-image\" data-id=\"66a29bd\" data-element_type=\"widget\" data-widget_type=\"image.default\">\n\t\t\t\t\t\t\t\t\t\t\t\t\t\t\t<img decoding=\"async\" width=\"787\" height=\"534\" src=\"https:\/\/p2ptec.com\/wp-content\/uploads\/2025\/09\/tiempo3.png\" class=\"attachment-large size-large wp-image-4792\" alt=\"\" srcset=\"https:\/\/p2ptec.com\/wp-content\/uploads\/2025\/09\/tiempo3.png 787w, https:\/\/p2ptec.com\/wp-content\/uploads\/2025\/09\/tiempo3-300x204.png 300w, https:\/\/p2ptec.com\/wp-content\/uploads\/2025\/09\/tiempo3-768x521.png 768w, https:\/\/p2ptec.com\/wp-content\/uploads\/2025\/09\/tiempo3-18x12.png 18w\" sizes=\"(max-width: 787px) 100vw, 787px\" \/>\t\t\t\t\t\t\t\t\t\t\t\t\t\t\t<\/div>\n\t\t\t\t<\/div>\n\t\t<div class=\"elementor-element elementor-element-027ca41 e-con-full e-flex e-con e-child\" data-id=\"027ca41\" data-element_type=\"container\">\n\t\t\t\t<div class=\"elementor-element elementor-element-674cd33 elementor-widget elementor-widget-image\" data-id=\"674cd33\" data-element_type=\"widget\" data-widget_type=\"image.default\">\n\t\t\t\t\t\t\t\t\t\t\t\t\t\t\t<img loading=\"lazy\" decoding=\"async\" width=\"753\" height=\"500\" src=\"https:\/\/p2ptec.com\/wp-content\/uploads\/2025\/09\/tiempo4.png\" class=\"attachment-large size-large wp-image-4793\" alt=\"\" srcset=\"https:\/\/p2ptec.com\/wp-content\/uploads\/2025\/09\/tiempo4.png 753w, https:\/\/p2ptec.com\/wp-content\/uploads\/2025\/09\/tiempo4-300x199.png 300w, https:\/\/p2ptec.com\/wp-content\/uploads\/2025\/09\/tiempo4-18x12.png 18w\" sizes=\"(max-width: 753px) 100vw, 753px\" \/>\t\t\t\t\t\t\t\t\t\t\t\t\t\t\t<\/div>\n\t\t\t\t<\/div>\n\t\t\t\t<\/div>\n\t\t<div class=\"elementor-element elementor-element-8d6ebf7 e-con-full elementor-hidden-tablet elementor-hidden-mobile e-flex e-con e-parent\" data-id=\"8d6ebf7\" data-element_type=\"container\" data-settings=\"{&quot;background_background&quot;:&quot;classic&quot;}\">\n\t\t\t\t<div class=\"elementor-element elementor-element-26f15a8 elementor-widget elementor-widget-heading\" data-id=\"26f15a8\" data-element_type=\"widget\" data-widget_type=\"heading.default\">\n\t\t\t\t\t<h2 class=\"elementor-heading-title elementor-size-default\">Vamos Construir Algo Extraordin\u00e1rio\n<\/h2>\t\t\t\t<\/div>\n\t\t\t\t<div class=\"elementor-element elementor-element-a8fb660 elementor-widget elementor-widget-heading\" data-id=\"a8fb660\" data-element_type=\"widget\" data-widget_type=\"heading.default\">\n\t\t\t\t\t<h2 class=\"elementor-heading-title elementor-size-default\">N\u00e3o importa se voc\u00ea est\u00e1 come\u00e7ando do zero ou expandindo um produto existente, a P2P Tech est\u00e1 pronta para entregar.\n<\/h2>\t\t\t\t<\/div>\n\t\t\t\t<div class=\"elementor-element elementor-element-14fa9b8 elementor-align-center elementor-widget elementor-widget-button\" data-id=\"14fa9b8\" data-element_type=\"widget\" data-widget_type=\"button.default\">\n\t\t\t\t\t\t\t\t\t\t<a class=\"elementor-button elementor-button-link elementor-size-sm\" href=\"https:\/\/api.whatsapp.com\/send?phone=5541999858500&#038;text\" target=\"_blank\">\n\t\t\t\t\t\t<span class=\"elementor-button-content-wrapper\">\n\t\t\t\t\t\t\t\t\t<span class=\"elementor-button-text\">Agende uma liga\u00e7\u00e3o gratuita hoje mesmo<\/span>\n\t\t\t\t\t<\/span>\n\t\t\t\t\t<\/a>\n\t\t\t\t\t\t\t\t<\/div>\n\t\t\t\t<\/div>\n\t\t<div class=\"elementor-element elementor-element-82297c1 e-con-full elementor-hidden-desktop e-flex e-con e-parent\" data-id=\"82297c1\" data-element_type=\"container\" data-settings=\"{&quot;background_background&quot;:&quot;classic&quot;}\">\n\t\t\t\t<div class=\"elementor-element elementor-element-50b9b49 elementor-widget elementor-widget-heading\" data-id=\"50b9b49\" data-element_type=\"widget\" data-widget_type=\"heading.default\">\n\t\t\t\t\t<h2 class=\"elementor-heading-title elementor-size-default\">Vamos Construir Algo Extraordin\u00e1rio\n<\/h2>\t\t\t\t<\/div>\n\t\t\t\t<div class=\"elementor-element elementor-element-d19bc60 elementor-widget elementor-widget-heading\" data-id=\"d19bc60\" data-element_type=\"widget\" data-widget_type=\"heading.default\">\n\t\t\t\t\t<h2 class=\"elementor-heading-title elementor-size-default\">N\u00e3o importa se voc\u00ea est\u00e1 come\u00e7ando do zero ou expandindo um produto existente, a P2P Tech est\u00e1 pronta para entregar.\n<\/h2>\t\t\t\t<\/div>\n\t\t\t\t<div class=\"elementor-element elementor-element-a91abe5 elementor-align-center elementor-widget elementor-widget-button\" data-id=\"a91abe5\" data-element_type=\"widget\" data-widget_type=\"button.default\">\n\t\t\t\t\t\t\t\t\t\t<a class=\"elementor-button elementor-button-link elementor-size-sm\" href=\"https:\/\/api.whatsapp.com\/send?phone=5541999858500&#038;text\" target=\"_blank\">\n\t\t\t\t\t\t<span class=\"elementor-button-content-wrapper\">\n\t\t\t\t\t\t\t\t\t<span class=\"elementor-button-text\">Agende uma liga\u00e7\u00e3o gratuita hoje mesmo<\/span>\n\t\t\t\t\t<\/span>\n\t\t\t\t\t<\/a>\n\t\t\t\t\t\t\t\t<\/div>\n\t\t\t\t<\/div>\n\t\t\t\t<\/div>","protected":false},"excerpt":{"rendered":"<p>TIEMPO Tiempo was created to provide microentrepreneurs with tools that can streamline administrative work and professional routines. An application that streamlines the process of receiving and producing quotes, Tiempo allows you to maintain basic conversational messages, questions, negotiations, and acceptances in one place. In addition to providing this service to your customers, you can also [&hellip;]<\/p>","protected":false},"author":1,"featured_media":0,"parent":4530,"menu_order":0,"comment_status":"closed","ping_status":"closed","template":"","meta":{"footnotes":""},"class_list":["post-4782","page","type-page","status-publish","hentry"],"aioseo_notices":[],"_links":{"self":[{"href":"https:\/\/p2ptec.com\/pt\/wp-json\/wp\/v2\/pages\/4782","targetHints":{"allow":["GET"]}}],"collection":[{"href":"https:\/\/p2ptec.com\/pt\/wp-json\/wp\/v2\/pages"}],"about":[{"href":"https:\/\/p2ptec.com\/pt\/wp-json\/wp\/v2\/types\/page"}],"author":[{"embeddable":true,"href":"https:\/\/p2ptec.com\/pt\/wp-json\/wp\/v2\/users\/1"}],"replies":[{"embeddable":true,"href":"https:\/\/p2ptec.com\/pt\/wp-json\/wp\/v2\/comments?post=4782"}],"version-history":[{"count":10,"href":"https:\/\/p2ptec.com\/pt\/wp-json\/wp\/v2\/pages\/4782\/revisions"}],"predecessor-version":[{"id":4796,"href":"https:\/\/p2ptec.com\/pt\/wp-json\/wp\/v2\/pages\/4782\/revisions\/4796"}],"up":[{"embeddable":true,"href":"https:\/\/p2ptec.com\/pt\/wp-json\/wp\/v2\/pages\/4530"}],"wp:attachment":[{"href":"https:\/\/p2ptec.com\/pt\/wp-json\/wp\/v2\/media?parent=4782"}],"curies":[{"name":"wp","href":"https:\/\/api.w.org\/{rel}","templated":true}]}}