{"id":4764,"date":"2025-09-03T06:06:40","date_gmt":"2025-09-03T06:06:40","guid":{"rendered":"https:\/\/p2ptec.com\/?page_id=4764"},"modified":"2025-09-03T06:15:26","modified_gmt":"2025-09-03T06:15:26","slug":"saudeclube","status":"publish","type":"page","link":"https:\/\/p2ptec.com\/pt\/cases\/saudeclube\/","title":{"rendered":"SA\u00daDECLUBE"},"content":{"rendered":"<div data-elementor-type=\"wp-page\" data-elementor-id=\"4764\" class=\"elementor elementor-4764\" data-elementor-post-type=\"page\">\n\t\t\t\t<div class=\"elementor-element elementor-element-998e8d8 e-flex e-con-boxed e-con e-parent\" data-id=\"998e8d8\" data-element_type=\"container\" data-settings=\"{&quot;background_background&quot;:&quot;classic&quot;}\">\n\t\t\t\t\t<div class=\"e-con-inner\">\n\t\t\t\t<div class=\"elementor-element elementor-element-5a7670a elementor-invisible elementor-widget elementor-widget-heading\" data-id=\"5a7670a\" data-element_type=\"widget\" data-settings=\"{&quot;_animation&quot;:&quot;fadeIn&quot;}\" data-widget_type=\"heading.default\">\n\t\t\t\t\t<h2 class=\"elementor-heading-title elementor-size-default\">SA\u00daDECLUBE<\/h2>\t\t\t\t<\/div>\n\t\t\t\t\t<\/div>\n\t\t\t\t<\/div>\n\t\t<div class=\"elementor-element elementor-element-c727554 e-flex e-con-boxed e-con e-parent\" data-id=\"c727554\" data-element_type=\"container\">\n\t\t\t\t\t<div class=\"e-con-inner\">\n\t\t<div class=\"elementor-element elementor-element-45c0fb7 e-con-full e-flex e-con e-child\" data-id=\"45c0fb7\" data-element_type=\"container\">\n\t\t\t\t<div class=\"elementor-element elementor-element-8303e20 elementor-invisible elementor-widget elementor-widget-text-editor\" data-id=\"8303e20\" data-element_type=\"widget\" data-settings=\"{&quot;_animation&quot;:&quot;fadeInLeft&quot;}\" data-widget_type=\"text-editor.default\">\n\t\t\t\t\t\t\t\t\t<p style=\"text-align: left;\"><span style=\"font-weight: 400;\">O desafio era criar uma plataforma que facilitasse o acesso de pacientes a consultas e procedimentos de sa\u00fade, promovendo o acesso para aqueles com recursos financeiros limitados. Com base em pesquisas de mercado e entrevistas com profissionais de sa\u00fade e pacientes, criamos a startup Sa\u00fade Clube, incluindo nome, identidade, posicionamento e diferencia\u00e7\u00e3o de mercado, estrat\u00e9gias de marketing e vendas, incluindo lan\u00e7amento e expans\u00e3o, materiais de comunica\u00e7\u00e3o geral, plano de m\u00eddia offline e online, tr\u00e1fego pago e org\u00e2nico, design e desenvolvimento de sistemas e formatos de monetiza\u00e7\u00e3o. A plataforma Sa\u00fadeClube integra profissionais de sa\u00fade para atender pacientes presencialmente ou online, permitindo que todos agendem consultas e procedimentos de forma r\u00e1pida, f\u00e1cil e segura. Para os profissionais, \u00e9 um recurso indispens\u00e1vel para organizar suas agendas, o atendimento aos pacientes e seu fluxo financeiro.<\/span><\/p>\t\t\t\t\t\t\t\t<\/div>\n\t\t\t\t<\/div>\n\t\t<div class=\"elementor-element elementor-element-8878989 e-con-full e-flex e-con e-child\" data-id=\"8878989\" data-element_type=\"container\" data-settings=\"{&quot;motion_fx_motion_fx_scrolling&quot;:&quot;yes&quot;,&quot;motion_fx_translateY_effect&quot;:&quot;yes&quot;,&quot;motion_fx_translateY_direction&quot;:&quot;negative&quot;,&quot;motion_fx_translateY_affectedRange&quot;:{&quot;unit&quot;:&quot;%&quot;,&quot;size&quot;:&quot;&quot;,&quot;sizes&quot;:{&quot;start&quot;:46,&quot;end&quot;:74}},&quot;motion_fx_devices&quot;:[&quot;desktop&quot;],&quot;motion_fx_translateY_speed&quot;:{&quot;unit&quot;:&quot;px&quot;,&quot;size&quot;:4,&quot;sizes&quot;:[]}}\">\n\t\t\t\t<div class=\"elementor-element elementor-element-da2343a elementor-invisible elementor-widget elementor-widget-image\" data-id=\"da2343a\" data-element_type=\"widget\" data-settings=\"{&quot;_animation&quot;:&quot;fadeInRight&quot;}\" data-widget_type=\"image.default\">\n\t\t\t\t\t\t\t\t\t\t\t\t\t\t\t<img fetchpriority=\"high\" decoding=\"async\" width=\"787\" height=\"534\" src=\"https:\/\/p2ptec.com\/wp-content\/uploads\/2025\/09\/saudeclube1.png\" class=\"attachment-large size-large wp-image-4767\" alt=\"\" srcset=\"https:\/\/p2ptec.com\/wp-content\/uploads\/2025\/09\/saudeclube1.png 787w, https:\/\/p2ptec.com\/wp-content\/uploads\/2025\/09\/saudeclube1-300x204.png 300w, https:\/\/p2ptec.com\/wp-content\/uploads\/2025\/09\/saudeclube1-768x521.png 768w, https:\/\/p2ptec.com\/wp-content\/uploads\/2025\/09\/saudeclube1-18x12.png 18w\" sizes=\"(max-width: 787px) 100vw, 787px\" \/>\t\t\t\t\t\t\t\t\t\t\t\t\t\t\t<\/div>\n\t\t\t\t<\/div>\n\t\t\t\t\t<\/div>\n\t\t\t\t<\/div>\n\t\t<div class=\"elementor-element elementor-element-1bfe989 e-flex e-con-boxed e-con e-parent\" data-id=\"1bfe989\" data-element_type=\"container\">\n\t\t\t\t\t<div class=\"e-con-inner\">\n\t\t<div class=\"elementor-element elementor-element-cfbb033 e-con-full e-flex e-con e-child\" data-id=\"cfbb033\" data-element_type=\"container\">\n\t\t\t\t<div class=\"elementor-element elementor-element-7d6269e elementor-widget elementor-widget-image\" data-id=\"7d6269e\" data-element_type=\"widget\" data-widget_type=\"image.default\">\n\t\t\t\t\t\t\t\t\t\t\t\t\t\t\t<img decoding=\"async\" width=\"753\" height=\"500\" src=\"https:\/\/p2ptec.com\/wp-content\/uploads\/2025\/09\/saudeclube2.png\" class=\"attachment-large size-large wp-image-4768\" alt=\"\" srcset=\"https:\/\/p2ptec.com\/wp-content\/uploads\/2025\/09\/saudeclube2.png 753w, https:\/\/p2ptec.com\/wp-content\/uploads\/2025\/09\/saudeclube2-300x199.png 300w, https:\/\/p2ptec.com\/wp-content\/uploads\/2025\/09\/saudeclube2-18x12.png 18w\" sizes=\"(max-width: 753px) 100vw, 753px\" \/>\t\t\t\t\t\t\t\t\t\t\t\t\t\t\t<\/div>\n\t\t\t\t<\/div>\n\t\t<div class=\"elementor-element elementor-element-cde3fe3 e-con-full e-flex e-con e-child\" data-id=\"cde3fe3\" data-element_type=\"container\">\n\t\t\t\t<div class=\"elementor-element elementor-element-10a0071 elementor-widget elementor-widget-image\" data-id=\"10a0071\" data-element_type=\"widget\" data-widget_type=\"image.default\">\n\t\t\t\t\t\t\t\t\t\t\t\t\t\t\t<img decoding=\"async\" width=\"787\" height=\"534\" src=\"https:\/\/p2ptec.com\/wp-content\/uploads\/2025\/09\/saudeclube3.png\" class=\"attachment-large size-large wp-image-4769\" alt=\"\" srcset=\"https:\/\/p2ptec.com\/wp-content\/uploads\/2025\/09\/saudeclube3.png 787w, https:\/\/p2ptec.com\/wp-content\/uploads\/2025\/09\/saudeclube3-300x204.png 300w, https:\/\/p2ptec.com\/wp-content\/uploads\/2025\/09\/saudeclube3-768x521.png 768w, https:\/\/p2ptec.com\/wp-content\/uploads\/2025\/09\/saudeclube3-18x12.png 18w\" sizes=\"(max-width: 787px) 100vw, 787px\" \/>\t\t\t\t\t\t\t\t\t\t\t\t\t\t\t<\/div>\n\t\t\t\t<\/div>\n\t\t\t\t\t<\/div>\n\t\t\t\t<\/div>\n\t\t<div class=\"elementor-element elementor-element-8d6ebf7 e-con-full elementor-hidden-tablet elementor-hidden-mobile e-flex e-con e-parent\" data-id=\"8d6ebf7\" data-element_type=\"container\" data-settings=\"{&quot;background_background&quot;:&quot;classic&quot;}\">\n\t\t\t\t<div class=\"elementor-element elementor-element-26f15a8 elementor-widget elementor-widget-heading\" data-id=\"26f15a8\" data-element_type=\"widget\" data-widget_type=\"heading.default\">\n\t\t\t\t\t<h2 class=\"elementor-heading-title elementor-size-default\">Vamos Construir Algo Extraordin\u00e1rio\n<\/h2>\t\t\t\t<\/div>\n\t\t\t\t<div class=\"elementor-element elementor-element-a8fb660 elementor-widget elementor-widget-heading\" data-id=\"a8fb660\" data-element_type=\"widget\" data-widget_type=\"heading.default\">\n\t\t\t\t\t<h2 class=\"elementor-heading-title elementor-size-default\">N\u00e3o importa se voc\u00ea est\u00e1 come\u00e7ando do zero ou expandindo um produto existente, a P2P Tech est\u00e1 pronta para entregar.\n<\/h2>\t\t\t\t<\/div>\n\t\t\t\t<div class=\"elementor-element elementor-element-14fa9b8 elementor-align-center elementor-widget elementor-widget-button\" data-id=\"14fa9b8\" data-element_type=\"widget\" data-widget_type=\"button.default\">\n\t\t\t\t\t\t\t\t\t\t<a class=\"elementor-button elementor-button-link elementor-size-sm\" href=\"https:\/\/api.whatsapp.com\/send?phone=5541999858500&#038;text\" target=\"_blank\">\n\t\t\t\t\t\t<span class=\"elementor-button-content-wrapper\">\n\t\t\t\t\t\t\t\t\t<span class=\"elementor-button-text\">Agende uma liga\u00e7\u00e3o gratuita hoje mesmo<\/span>\n\t\t\t\t\t<\/span>\n\t\t\t\t\t<\/a>\n\t\t\t\t\t\t\t\t<\/div>\n\t\t\t\t<\/div>\n\t\t<div class=\"elementor-element elementor-element-82297c1 e-con-full elementor-hidden-desktop e-flex e-con e-parent\" data-id=\"82297c1\" data-element_type=\"container\" data-settings=\"{&quot;background_background&quot;:&quot;classic&quot;}\">\n\t\t\t\t<div class=\"elementor-element elementor-element-50b9b49 elementor-widget elementor-widget-heading\" data-id=\"50b9b49\" data-element_type=\"widget\" data-widget_type=\"heading.default\">\n\t\t\t\t\t<h2 class=\"elementor-heading-title elementor-size-default\">Vamos Construir Algo Extraordin\u00e1rio\n<\/h2>\t\t\t\t<\/div>\n\t\t\t\t<div class=\"elementor-element elementor-element-d19bc60 elementor-widget elementor-widget-heading\" data-id=\"d19bc60\" data-element_type=\"widget\" data-widget_type=\"heading.default\">\n\t\t\t\t\t<h2 class=\"elementor-heading-title elementor-size-default\">N\u00e3o importa se voc\u00ea est\u00e1 come\u00e7ando do zero ou expandindo um produto existente, a P2P Tech est\u00e1 pronta para entregar.\n<\/h2>\t\t\t\t<\/div>\n\t\t\t\t<div class=\"elementor-element elementor-element-a91abe5 elementor-align-center elementor-widget elementor-widget-button\" data-id=\"a91abe5\" data-element_type=\"widget\" data-widget_type=\"button.default\">\n\t\t\t\t\t\t\t\t\t\t<a class=\"elementor-button elementor-button-link elementor-size-sm\" href=\"https:\/\/api.whatsapp.com\/send?phone=5541999858500&#038;text\" target=\"_blank\">\n\t\t\t\t\t\t<span class=\"elementor-button-content-wrapper\">\n\t\t\t\t\t\t\t\t\t<span class=\"elementor-button-text\">Agende uma liga\u00e7\u00e3o gratuita hoje mesmo<\/span>\n\t\t\t\t\t<\/span>\n\t\t\t\t\t<\/a>\n\t\t\t\t\t\t\t\t<\/div>\n\t\t\t\t<\/div>\n\t\t\t\t<\/div>","protected":false},"excerpt":{"rendered":"<p>SA\u00daDECLUBE The challenge was to create a platform to facilitate access to healthcare appointments and procedures for patients and promote access for those with limited financial resources. Based on market research and interviews with healthcare professionals and patients, we created the startup Sa\u00fade Clube, including its name, identity, positioning and market differentiation, marketing and sales [&hellip;]<\/p>","protected":false},"author":1,"featured_media":0,"parent":4530,"menu_order":0,"comment_status":"closed","ping_status":"closed","template":"","meta":{"footnotes":""},"class_list":["post-4764","page","type-page","status-publish","hentry"],"aioseo_notices":[],"_links":{"self":[{"href":"https:\/\/p2ptec.com\/pt\/wp-json\/wp\/v2\/pages\/4764","targetHints":{"allow":["GET"]}}],"collection":[{"href":"https:\/\/p2ptec.com\/pt\/wp-json\/wp\/v2\/pages"}],"about":[{"href":"https:\/\/p2ptec.com\/pt\/wp-json\/wp\/v2\/types\/page"}],"author":[{"embeddable":true,"href":"https:\/\/p2ptec.com\/pt\/wp-json\/wp\/v2\/users\/1"}],"replies":[{"embeddable":true,"href":"https:\/\/p2ptec.com\/pt\/wp-json\/wp\/v2\/comments?post=4764"}],"version-history":[{"count":10,"href":"https:\/\/p2ptec.com\/pt\/wp-json\/wp\/v2\/pages\/4764\/revisions"}],"predecessor-version":[{"id":4778,"href":"https:\/\/p2ptec.com\/pt\/wp-json\/wp\/v2\/pages\/4764\/revisions\/4778"}],"up":[{"embeddable":true,"href":"https:\/\/p2ptec.com\/pt\/wp-json\/wp\/v2\/pages\/4530"}],"wp:attachment":[{"href":"https:\/\/p2ptec.com\/pt\/wp-json\/wp\/v2\/media?parent=4764"}],"curies":[{"name":"wp","href":"https:\/\/api.w.org\/{rel}","templated":true}]}}