{"id":4369,"date":"2025-08-28T05:26:57","date_gmt":"2025-08-28T05:26:57","guid":{"rendered":"https:\/\/p2ptec.com\/?page_id=4369"},"modified":"2025-09-03T06:39:30","modified_gmt":"2025-09-03T06:39:30","slug":"contact","status":"publish","type":"page","link":"https:\/\/p2ptec.com\/pt\/contact\/","title":{"rendered":"Contato"},"content":{"rendered":"<div data-elementor-type=\"wp-page\" data-elementor-id=\"4369\" class=\"elementor elementor-4369\" data-elementor-post-type=\"page\">\n\t\t\t\t<div class=\"elementor-element elementor-element-b991dc9 e-flex e-con-boxed e-con e-parent\" data-id=\"b991dc9\" data-element_type=\"container\" data-settings=\"{&quot;background_background&quot;:&quot;classic&quot;}\">\n\t\t\t\t\t<div class=\"e-con-inner\">\n\t\t\t\t<div class=\"elementor-element elementor-element-c4f7ebc elementor-widget elementor-widget-heading\" data-id=\"c4f7ebc\" data-element_type=\"widget\" data-widget_type=\"heading.default\">\n\t\t\t\t\t<h2 class=\"elementor-heading-title elementor-size-default\">CONTACT<\/h2>\t\t\t\t<\/div>\n\t\t\t\t\t<\/div>\n\t\t\t\t<\/div>\n\t\t<div class=\"elementor-element elementor-element-f568a84 e-flex e-con-boxed e-con e-parent\" data-id=\"f568a84\" data-element_type=\"container\" data-settings=\"{&quot;background_background&quot;:&quot;classic&quot;}\">\n\t\t\t\t\t<div class=\"e-con-inner\">\n\t\t\t\t<div class=\"elementor-element elementor-element-7879dd7 elementor-widget elementor-widget-html\" data-id=\"7879dd7\" data-element_type=\"widget\" data-widget_type=\"html.default\">\n\t\t\t\t\t<title>Contact Us<\/title>\r\n<link href=\"https:\/\/fonts.googleapis.com\/css2?family=Inter:wght@400;500;600;700&display=swap\" rel=\"stylesheet\">\r\n<style>\r\n\r\n\r\n@import url('https:\/\/fonts.googleapis.com\/css2?family=Inter:wght@400;500;600;700&display=swap');\r\n\r\nbody {\r\n    font-family: 'Inter', sans-serif;\r\n    margin: 0;\r\n    padding: 0;\r\n    background: #f5f5f5;\r\n    color: #333;\r\n}\r\n\r\n.contact-page {\r\n    max-width: 1000px;\r\n    margin: 60px auto;\r\n    padding: 60px 30px;\r\n    border-radius: 25px;\r\n    background: linear-gradient(135deg, #000000 0%, #333333 100%);\r\n    position: relative;\r\n    overflow: hidden;\r\n    color: #fff;\r\n    box-shadow: 0 20px 60px rgba(0,0,0,0.2);\r\n}\r\n\r\n\r\n.contact-page::before,\r\n.contact-page::after {\r\n    content: \"\";\r\n    position: absolute;\r\n    border-radius: 50%;\r\n    background: rgba(255,255,255,0.08);\r\n    z-index: 0;\r\n}\r\n\r\n.contact-page::before {\r\n    width: 250px;\r\n    height: 250px;\r\n    top: -80px;\r\n    right: -80px;\r\n}\r\n\r\n.contact-page::after {\r\n    width: 350px;\r\n    height: 350px;\r\n    bottom: -100px;\r\n    left: -100px;\r\n}\r\n\r\n.contact-page > * {\r\n    position: relative;\r\n    z-index: 1;\r\n}\r\n\r\n.contact-header {\r\n    text-align: center;\r\n    margin-bottom: 50px;\r\n}\r\n\r\n.contact-header h1 {\r\n    font-size: 50px;\r\n    font-weight: 700;\r\n    margin-bottom: 15px;\r\n    color: #fff;\r\n}\r\n\r\n.contact-header p {\r\n    font-size: 18px;\r\n    color: rgba(255,255,255,0.85);\r\n}\r\n\r\n\r\n.contact-content {\r\n    display: flex;\r\n    gap: 50px;\r\n    flex-wrap: wrap;\r\n    justify-content: space-between;\r\n}\r\n\r\n.contact-info {\r\n    flex: 1 1 300px;\r\n}\r\n\r\n.contact-info h2 {\r\n    font-size: 28px;\r\n    font-weight: 600;\r\n    margin-bottom: 20px;\r\n    color: #fff;\r\n}\r\n\r\n.contact-info p {\r\n    font-size: 16px;\r\n    margin-bottom: 15px;\r\n    color: rgba(255,255,255,0.85);\r\n}\r\n\r\n.contact-info p span {\r\n    font-weight: 600;\r\n    color: #fff;\r\n}\r\n\r\n.contact-form {\r\n    flex: 1 1 400px;\r\n    background: rgba(255,255,255,0.05);\r\n    backdrop-filter: blur(15px);\r\n    -webkit-backdrop-filter: blur(15px);\r\n    border: 1px solid rgba(255,255,255,0.15);\r\n    border-radius: 20px;\r\n    padding: 35px;\r\n    box-shadow: 0 15px 35px rgba(0,0,0,0.15);\r\n    transition: all 0.3s ease;\r\n}\r\n\r\n.contact-form:hover {\r\n    box-shadow: 0 20px 50px rgba(0,0,0,0.25);\r\n}\r\n\r\n.contact-form h2 {\r\n    margin-bottom: 25px;\r\n    font-size: 28px;\r\n    font-weight: 600;\r\n    color: #fff;\r\n}\r\n\r\n.contact-form label {\r\n    display: block;\r\n    margin-bottom: 5px;\r\n    font-weight: 500;\r\n    color: #fff;\r\n}\r\n\r\n.contact-form input,\r\n.contact-form textarea {\r\n    width: 100%;\r\n    padding: 14px 18px;\r\n    margin-bottom: 20px;\r\n    border-radius: 12px;\r\n    border: 1px solid rgba(255,255,255,0.2);\r\n    font-size: 16px;\r\n    box-sizing: border-box;\r\n    background: rgba(255,255,255,0.05);\r\n    color: #fff;\r\n    transition: all 0.3s ease;\r\n}\r\n\r\n.contact-form input::placeholder,\r\n.contact-form textarea::placeholder {\r\n    color: rgba(255,255,255,0.6);\r\n}\r\n\r\n.contact-form input:focus,\r\n.contact-form textarea:focus {\r\n    outline: none;\r\n    border-color: #fff;\r\n    box-shadow: 0 0 12px rgba(255,255,255,0.4);\r\n}\r\n\r\n.contact-form button {\r\n    background-color: #000;\r\n    color: #fff;\r\n    padding: 15px 28px;\r\n    border: none;\r\n    border-radius: 12px;\r\n    cursor: pointer;\r\n    font-size: 16px;\r\n    font-weight: 600;\r\n    transition: all 0.3s ease;\r\n}\r\n\r\n.contact-form button:hover {\r\n    background-color: #222;\r\n    transform: translateY(-2px);\r\n}\r\n\r\n@media (max-width: 768px) {\r\n    .contact-content {\r\n        flex-direction: column;\r\n    }\r\n    .contact-info,\r\n    .contact-form {\r\n        flex: 1 1 100%;\r\n    }\r\n}\r\n<\/style>\r\n<\/head>\r\n<body>\r\n\r\n<div class=\"contact-page\">\r\n  <div class=\"contact-header\">\r\n    <h1>Fale Conosco<\/h1>\r\n    <p>Tem d\u00favidas ou quer trabalhar conosco? Preencha o formul\u00e1rio abaixo e entraremos em contato o mais breve poss\u00edvel.<\/p>\r\n  <\/div>\r\n\r\n  <div class=\"contact-content\">\r\n    <div class=\"contact-info\">\r\n      <h2>Entre em contato<\/h2>\r\n\r\n      <p><strong>Email:<\/strong> <span>contact@p2ptech.com<\/span><\/p>\r\n      <p><strong>Telefone:<\/strong> <span>+55 41 99985 8500<\/span><\/p>\r\n      <p>Estamos aqui para ajudar e responder a qualquer d\u00favida que voc\u00ea tenha. Aguardamos seu contato.<\/p>\r\n    <\/div>\r\n\r\n    <div class=\"contact-form\">\r\n      <h2>Envie uma Mensagem<\/h2>\r\n      <form id=\"contactForm\" action=\"\">\r\n        <label for=\"name\">Nome<\/label>\r\n        <input type=\"text\" id=\"name\" name=\"name\" required>\r\n\r\n        <label for=\"email\">Email<\/label>\r\n        <input type=\"email\" id=\"email\" name=\"email\" required>\r\n\r\n        <label for=\"message\">Mensagem<\/label>\r\n        <textarea id=\"message\" name=\"message\" rows=\"5\" required><\/textarea>\r\n\r\n        <button type=\"submit\">Enviar<\/button>\r\n      <input type=\"hidden\" name=\"trp-form-language\" value=\"pt\"\/><\/form>\r\n    <\/div>\r\n  <\/div>\r\n<\/div>\r\n\r\n<script>\r\n  const form = document.getElementById('contactForm');\r\n  form.addEventListener('submit', function(e) {\r\n    e.preventDefault();\r\n    alert('Thank you! Your message has been sent.');\r\n    form.reset();\r\n  });\r\n<\/script>\r\n\t\t\t\t<\/div>\n\t\t\t\t\t<\/div>\n\t\t\t\t<\/div>\n\t\t<div class=\"elementor-element elementor-element-db0de40 e-con-full elementor-hidden-tablet elementor-hidden-mobile e-flex e-con e-parent\" data-id=\"db0de40\" data-element_type=\"container\" data-settings=\"{&quot;background_background&quot;:&quot;classic&quot;}\">\n\t\t\t\t<div class=\"elementor-element elementor-element-41d9ed2 elementor-widget elementor-widget-heading\" data-id=\"41d9ed2\" data-element_type=\"widget\" data-widget_type=\"heading.default\">\n\t\t\t\t\t<h2 class=\"elementor-heading-title elementor-size-default\">Vamos Construir Algo Extraordin\u00e1rio\n<\/h2>\t\t\t\t<\/div>\n\t\t\t\t<div class=\"elementor-element elementor-element-b2e5365 elementor-widget elementor-widget-heading\" data-id=\"b2e5365\" data-element_type=\"widget\" data-widget_type=\"heading.default\">\n\t\t\t\t\t<h2 class=\"elementor-heading-title elementor-size-default\">N\u00e3o importa se voc\u00ea est\u00e1 come\u00e7ando do zero ou expandindo um produto existente, a P2P Tech est\u00e1 pronta para entregar.\n<\/h2>\t\t\t\t<\/div>\n\t\t\t\t<div class=\"elementor-element elementor-element-1307a3c elementor-align-center elementor-widget elementor-widget-button\" data-id=\"1307a3c\" data-element_type=\"widget\" data-widget_type=\"button.default\">\n\t\t\t\t\t\t\t\t\t\t<a class=\"elementor-button elementor-button-link elementor-size-sm\" href=\"https:\/\/api.whatsapp.com\/send?phone=5541999858500&#038;text\" target=\"_blank\">\n\t\t\t\t\t\t<span class=\"elementor-button-content-wrapper\">\n\t\t\t\t\t\t\t\t\t<span class=\"elementor-button-text\">Agende uma liga\u00e7\u00e3o gratuita hoje mesmo<\/span>\n\t\t\t\t\t<\/span>\n\t\t\t\t\t<\/a>\n\t\t\t\t\t\t\t\t<\/div>\n\t\t\t\t<\/div>\n\t\t<div class=\"elementor-element elementor-element-51582eb e-con-full elementor-hidden-desktop e-flex e-con e-parent\" data-id=\"51582eb\" data-element_type=\"container\" data-settings=\"{&quot;background_background&quot;:&quot;classic&quot;}\">\n\t\t\t\t<div class=\"elementor-element elementor-element-1eca20a elementor-widget elementor-widget-heading\" data-id=\"1eca20a\" data-element_type=\"widget\" data-widget_type=\"heading.default\">\n\t\t\t\t\t<h2 class=\"elementor-heading-title elementor-size-default\">Vamos Construir Algo Extraordin\u00e1rio\n<\/h2>\t\t\t\t<\/div>\n\t\t\t\t<div class=\"elementor-element elementor-element-76dca6d elementor-widget elementor-widget-heading\" data-id=\"76dca6d\" data-element_type=\"widget\" data-widget_type=\"heading.default\">\n\t\t\t\t\t<h2 class=\"elementor-heading-title elementor-size-default\">N\u00e3o importa se voc\u00ea est\u00e1 come\u00e7ando do zero ou expandindo um produto existente, a P2P Tech est\u00e1 pronta para entregar.\n<\/h2>\t\t\t\t<\/div>\n\t\t\t\t<div class=\"elementor-element elementor-element-9c734fe elementor-align-center elementor-widget elementor-widget-button\" data-id=\"9c734fe\" data-element_type=\"widget\" data-widget_type=\"button.default\">\n\t\t\t\t\t\t\t\t\t\t<a class=\"elementor-button elementor-button-link elementor-size-sm\" href=\"https:\/\/api.whatsapp.com\/send?phone=5541999858500&#038;text\" target=\"_blank\">\n\t\t\t\t\t\t<span class=\"elementor-button-content-wrapper\">\n\t\t\t\t\t\t\t\t\t<span class=\"elementor-button-text\">Agende uma liga\u00e7\u00e3o gratuita hoje mesmo<\/span>\n\t\t\t\t\t<\/span>\n\t\t\t\t\t<\/a>\n\t\t\t\t\t\t\t\t<\/div>\n\t\t\t\t<\/div>\n\t\t\t\t<\/div>","protected":false},"excerpt":{"rendered":"<p>CONTACT Contact Us Contact Us Have questions or want to work with us? Fill out the form below and we\u2019ll get back to you promptly. Get in Touch Email: contact@p2ptech.com Phone: +55 41 99985 8500 We\u2019re here to help and answer any question you might have. We look forward to hearing from you. Send a [&hellip;]<\/p>","protected":false},"author":1,"featured_media":0,"parent":0,"menu_order":0,"comment_status":"closed","ping_status":"closed","template":"","meta":{"footnotes":""},"class_list":["post-4369","page","type-page","status-publish","hentry"],"aioseo_notices":[],"_links":{"self":[{"href":"https:\/\/p2ptec.com\/pt\/wp-json\/wp\/v2\/pages\/4369","targetHints":{"allow":["GET"]}}],"collection":[{"href":"https:\/\/p2ptec.com\/pt\/wp-json\/wp\/v2\/pages"}],"about":[{"href":"https:\/\/p2ptec.com\/pt\/wp-json\/wp\/v2\/types\/page"}],"author":[{"embeddable":true,"href":"https:\/\/p2ptec.com\/pt\/wp-json\/wp\/v2\/users\/1"}],"replies":[{"embeddable":true,"href":"https:\/\/p2ptec.com\/pt\/wp-json\/wp\/v2\/comments?post=4369"}],"version-history":[{"count":46,"href":"https:\/\/p2ptec.com\/pt\/wp-json\/wp\/v2\/pages\/4369\/revisions"}],"predecessor-version":[{"id":4855,"href":"https:\/\/p2ptec.com\/pt\/wp-json\/wp\/v2\/pages\/4369\/revisions\/4855"}],"wp:attachment":[{"href":"https:\/\/p2ptec.com\/pt\/wp-json\/wp\/v2\/media?parent=4369"}],"curies":[{"name":"wp","href":"https:\/\/api.w.org\/{rel}","templated":true}]}}