{"id":4797,"date":"2025-09-03T06:22:56","date_gmt":"2025-09-03T06:22:56","guid":{"rendered":"https:\/\/p2ptec.com\/?page_id=4797"},"modified":"2025-09-03T06:25:13","modified_gmt":"2025-09-03T06:25:13","slug":"doclinix","status":"publish","type":"page","link":"https:\/\/p2ptec.com\/es\/cases\/doclinix\/","title":{"rendered":"DOCLINIX"},"content":{"rendered":"<div data-elementor-type=\"wp-page\" data-elementor-id=\"4797\" class=\"elementor elementor-4797\" data-elementor-post-type=\"page\">\n\t\t\t\t<div class=\"elementor-element elementor-element-998e8d8 e-flex e-con-boxed e-con e-parent\" data-id=\"998e8d8\" data-element_type=\"container\" data-settings=\"{&quot;background_background&quot;:&quot;classic&quot;}\">\n\t\t\t\t\t<div class=\"e-con-inner\">\n\t\t\t\t<div class=\"elementor-element elementor-element-5a7670a elementor-invisible elementor-widget elementor-widget-heading\" data-id=\"5a7670a\" data-element_type=\"widget\" data-settings=\"{&quot;_animation&quot;:&quot;fadeIn&quot;}\" data-widget_type=\"heading.default\">\n\t\t\t\t\t<h2 class=\"elementor-heading-title elementor-size-default\">DOCLINIX<\/h2>\t\t\t\t<\/div>\n\t\t\t\t\t<\/div>\n\t\t\t\t<\/div>\n\t\t<div class=\"elementor-element elementor-element-c727554 e-flex e-con-boxed e-con e-parent\" data-id=\"c727554\" data-element_type=\"container\">\n\t\t\t\t\t<div class=\"e-con-inner\">\n\t\t<div class=\"elementor-element elementor-element-45c0fb7 e-con-full e-flex e-con e-child\" data-id=\"45c0fb7\" data-element_type=\"container\">\n\t\t\t\t<div class=\"elementor-element elementor-element-8303e20 elementor-invisible elementor-widget elementor-widget-text-editor\" data-id=\"8303e20\" data-element_type=\"widget\" data-settings=\"{&quot;_animation&quot;:&quot;fadeInLeft&quot;}\" data-widget_type=\"text-editor.default\">\n\t\t\t\t\t\t\t\t\t<p><span style=\"font-weight: 400;\">Doclinix facilita el servicio de los profesionales sanitarios a sus pacientes al reunir la programaci\u00f3n de citas, la atenci\u00f3n y los pasos relacionados, el intercambio de informaci\u00f3n con los pacientes y los registros m\u00e9dicos en un solo entorno.<\/span><\/p><p><span style=\"font-weight: 400;\">La aplicaci\u00f3n de historial m\u00e9dico permite a los profesionales de la salud comunicarse con sus pacientes y grabar sus conversaciones. Tambi\u00e9n les permite programar y reprogramar citas presenciales y en l\u00ednea, responder preguntas sobre el uso de medicamentos y brindar orientaci\u00f3n sobre h\u00e1bitos de vida.<\/span><\/p>\t\t\t\t\t\t\t\t<\/div>\n\t\t\t\t<\/div>\n\t\t<div class=\"elementor-element elementor-element-8878989 e-con-full e-flex e-con e-child\" data-id=\"8878989\" data-element_type=\"container\" data-settings=\"{&quot;motion_fx_motion_fx_scrolling&quot;:&quot;yes&quot;,&quot;motion_fx_translateY_effect&quot;:&quot;yes&quot;,&quot;motion_fx_translateY_direction&quot;:&quot;negative&quot;,&quot;motion_fx_translateY_affectedRange&quot;:{&quot;unit&quot;:&quot;%&quot;,&quot;size&quot;:&quot;&quot;,&quot;sizes&quot;:{&quot;start&quot;:46,&quot;end&quot;:49}},&quot;motion_fx_devices&quot;:[&quot;desktop&quot;],&quot;motion_fx_translateY_speed&quot;:{&quot;unit&quot;:&quot;px&quot;,&quot;size&quot;:4,&quot;sizes&quot;:[]}}\">\n\t\t\t\t<div class=\"elementor-element elementor-element-da2343a elementor-invisible elementor-widget elementor-widget-image\" data-id=\"da2343a\" data-element_type=\"widget\" data-settings=\"{&quot;_animation&quot;:&quot;fadeInRight&quot;}\" data-widget_type=\"image.default\">\n\t\t\t\t\t\t\t\t\t\t\t\t\t\t\t<img fetchpriority=\"high\" decoding=\"async\" width=\"753\" height=\"500\" src=\"https:\/\/p2ptec.com\/wp-content\/uploads\/2025\/09\/doclinix4.png\" class=\"attachment-large size-large wp-image-4799\" alt=\"\" srcset=\"https:\/\/p2ptec.com\/wp-content\/uploads\/2025\/09\/doclinix4.png 753w, https:\/\/p2ptec.com\/wp-content\/uploads\/2025\/09\/doclinix4-300x199.png 300w, https:\/\/p2ptec.com\/wp-content\/uploads\/2025\/09\/doclinix4-18x12.png 18w\" sizes=\"(max-width: 753px) 100vw, 753px\" \/>\t\t\t\t\t\t\t\t\t\t\t\t\t\t\t<\/div>\n\t\t\t\t<\/div>\n\t\t\t\t\t<\/div>\n\t\t\t\t<\/div>\n\t\t<div class=\"elementor-element elementor-element-7bb86de e-con-full e-flex e-con e-parent\" data-id=\"7bb86de\" data-element_type=\"container\">\n\t\t<div class=\"elementor-element elementor-element-c09c765 e-con-full e-flex e-con e-child\" data-id=\"c09c765\" data-element_type=\"container\">\n\t\t\t\t<div class=\"elementor-element elementor-element-66a29bd elementor-widget elementor-widget-image\" data-id=\"66a29bd\" data-element_type=\"widget\" data-widget_type=\"image.default\">\n\t\t\t\t\t\t\t\t\t\t\t\t\t\t\t<img decoding=\"async\" width=\"753\" height=\"500\" src=\"https:\/\/p2ptec.com\/wp-content\/uploads\/2025\/09\/doclinix1.png\" class=\"attachment-large size-large wp-image-4802\" alt=\"\" srcset=\"https:\/\/p2ptec.com\/wp-content\/uploads\/2025\/09\/doclinix1.png 753w, https:\/\/p2ptec.com\/wp-content\/uploads\/2025\/09\/doclinix1-300x199.png 300w, https:\/\/p2ptec.com\/wp-content\/uploads\/2025\/09\/doclinix1-18x12.png 18w\" sizes=\"(max-width: 753px) 100vw, 753px\" \/>\t\t\t\t\t\t\t\t\t\t\t\t\t\t\t<\/div>\n\t\t\t\t<\/div>\n\t\t<div class=\"elementor-element elementor-element-df1092c e-con-full e-flex e-con e-child\" data-id=\"df1092c\" data-element_type=\"container\">\n\t\t\t\t<div class=\"elementor-element elementor-element-fe9b98c elementor-widget elementor-widget-image\" data-id=\"fe9b98c\" data-element_type=\"widget\" data-widget_type=\"image.default\">\n\t\t\t\t\t\t\t\t\t\t\t\t\t\t\t<img decoding=\"async\" width=\"753\" height=\"500\" src=\"https:\/\/p2ptec.com\/wp-content\/uploads\/2025\/09\/doclinix2.png\" class=\"attachment-large size-large wp-image-4800\" alt=\"\" srcset=\"https:\/\/p2ptec.com\/wp-content\/uploads\/2025\/09\/doclinix2.png 753w, https:\/\/p2ptec.com\/wp-content\/uploads\/2025\/09\/doclinix2-300x199.png 300w, https:\/\/p2ptec.com\/wp-content\/uploads\/2025\/09\/doclinix2-18x12.png 18w\" sizes=\"(max-width: 753px) 100vw, 753px\" \/>\t\t\t\t\t\t\t\t\t\t\t\t\t\t\t<\/div>\n\t\t\t\t<\/div>\n\t\t<div class=\"elementor-element elementor-element-027ca41 e-con-full e-flex e-con e-child\" data-id=\"027ca41\" data-element_type=\"container\">\n\t\t\t\t<div class=\"elementor-element elementor-element-674cd33 elementor-widget elementor-widget-image\" data-id=\"674cd33\" data-element_type=\"widget\" data-widget_type=\"image.default\">\n\t\t\t\t\t\t\t\t\t\t\t\t\t\t\t<img loading=\"lazy\" decoding=\"async\" width=\"787\" height=\"534\" src=\"https:\/\/p2ptec.com\/wp-content\/uploads\/2025\/09\/doclinix3.png\" class=\"attachment-large size-large wp-image-4803\" alt=\"\" srcset=\"https:\/\/p2ptec.com\/wp-content\/uploads\/2025\/09\/doclinix3.png 787w, https:\/\/p2ptec.com\/wp-content\/uploads\/2025\/09\/doclinix3-300x204.png 300w, https:\/\/p2ptec.com\/wp-content\/uploads\/2025\/09\/doclinix3-768x521.png 768w, https:\/\/p2ptec.com\/wp-content\/uploads\/2025\/09\/doclinix3-18x12.png 18w\" sizes=\"(max-width: 787px) 100vw, 787px\" \/>\t\t\t\t\t\t\t\t\t\t\t\t\t\t\t<\/div>\n\t\t\t\t<\/div>\n\t\t\t\t<\/div>\n\t\t<div class=\"elementor-element elementor-element-8d6ebf7 e-con-full elementor-hidden-tablet elementor-hidden-mobile e-flex e-con e-parent\" data-id=\"8d6ebf7\" data-element_type=\"container\" data-settings=\"{&quot;background_background&quot;:&quot;classic&quot;}\">\n\t\t\t\t<div class=\"elementor-element elementor-element-26f15a8 elementor-widget elementor-widget-heading\" data-id=\"26f15a8\" data-element_type=\"widget\" data-widget_type=\"heading.default\">\n\t\t\t\t\t<h2 class=\"elementor-heading-title elementor-size-default\">Construyamos Algo Extraordinario\n<\/h2>\t\t\t\t<\/div>\n\t\t\t\t<div class=\"elementor-element elementor-element-a8fb660 elementor-widget elementor-widget-heading\" data-id=\"a8fb660\" data-element_type=\"widget\" data-widget_type=\"heading.default\">\n\t\t\t\t\t<h2 class=\"elementor-heading-title elementor-size-default\">Ya sea que est\u00e9 comenzando desde cero o ampliando un producto existente, P2P Tech est\u00e1 listo para cumplir.\n<\/h2>\t\t\t\t<\/div>\n\t\t\t\t<div class=\"elementor-element elementor-element-14fa9b8 elementor-align-center elementor-widget elementor-widget-button\" data-id=\"14fa9b8\" data-element_type=\"widget\" data-widget_type=\"button.default\">\n\t\t\t\t\t\t\t\t\t\t<a class=\"elementor-button elementor-button-link elementor-size-sm\" href=\"https:\/\/api.whatsapp.com\/send?phone=5541999858500&#038;text\" target=\"_blank\">\n\t\t\t\t\t\t<span class=\"elementor-button-content-wrapper\">\n\t\t\t\t\t\t\t\t\t<span class=\"elementor-button-text\">Programe una llamada gratuita hoy<\/span>\n\t\t\t\t\t<\/span>\n\t\t\t\t\t<\/a>\n\t\t\t\t\t\t\t\t<\/div>\n\t\t\t\t<\/div>\n\t\t<div class=\"elementor-element elementor-element-82297c1 e-con-full elementor-hidden-desktop e-flex e-con e-parent\" data-id=\"82297c1\" data-element_type=\"container\" data-settings=\"{&quot;background_background&quot;:&quot;classic&quot;}\">\n\t\t\t\t<div class=\"elementor-element elementor-element-50b9b49 elementor-widget elementor-widget-heading\" data-id=\"50b9b49\" data-element_type=\"widget\" data-widget_type=\"heading.default\">\n\t\t\t\t\t<h2 class=\"elementor-heading-title elementor-size-default\">Construyamos Algo Extraordinario\n<\/h2>\t\t\t\t<\/div>\n\t\t\t\t<div class=\"elementor-element elementor-element-d19bc60 elementor-widget elementor-widget-heading\" data-id=\"d19bc60\" data-element_type=\"widget\" data-widget_type=\"heading.default\">\n\t\t\t\t\t<h2 class=\"elementor-heading-title elementor-size-default\">Ya sea que est\u00e9 comenzando desde cero o ampliando un producto existente, P2P Tech est\u00e1 listo para cumplir.\n<\/h2>\t\t\t\t<\/div>\n\t\t\t\t<div class=\"elementor-element elementor-element-a91abe5 elementor-align-center elementor-widget elementor-widget-button\" data-id=\"a91abe5\" data-element_type=\"widget\" data-widget_type=\"button.default\">\n\t\t\t\t\t\t\t\t\t\t<a class=\"elementor-button elementor-button-link elementor-size-sm\" href=\"https:\/\/api.whatsapp.com\/send?phone=5541999858500&#038;text\" target=\"_blank\">\n\t\t\t\t\t\t<span class=\"elementor-button-content-wrapper\">\n\t\t\t\t\t\t\t\t\t<span class=\"elementor-button-text\">Programe una llamada gratuita hoy<\/span>\n\t\t\t\t\t<\/span>\n\t\t\t\t\t<\/a>\n\t\t\t\t\t\t\t\t<\/div>\n\t\t\t\t<\/div>\n\t\t\t\t<\/div>","protected":false},"excerpt":{"rendered":"<p>DOCLINIX Doclinix facilitates healthcare professionals&#8217; service to their patients by bringing together appointment scheduling, care and related steps, information sharing with patients, and medical records in a single environment. The medical record app allows healthcare professionals to communicate with their patients and record their conversations. It also allows them to schedule and reschedule in-person and [&hellip;]<\/p>","protected":false},"author":1,"featured_media":0,"parent":4530,"menu_order":0,"comment_status":"closed","ping_status":"closed","template":"","meta":{"footnotes":""},"class_list":["post-4797","page","type-page","status-publish","hentry"],"aioseo_notices":[],"_links":{"self":[{"href":"https:\/\/p2ptec.com\/es\/wp-json\/wp\/v2\/pages\/4797","targetHints":{"allow":["GET"]}}],"collection":[{"href":"https:\/\/p2ptec.com\/es\/wp-json\/wp\/v2\/pages"}],"about":[{"href":"https:\/\/p2ptec.com\/es\/wp-json\/wp\/v2\/types\/page"}],"author":[{"embeddable":true,"href":"https:\/\/p2ptec.com\/es\/wp-json\/wp\/v2\/users\/1"}],"replies":[{"embeddable":true,"href":"https:\/\/p2ptec.com\/es\/wp-json\/wp\/v2\/comments?post=4797"}],"version-history":[{"count":7,"href":"https:\/\/p2ptec.com\/es\/wp-json\/wp\/v2\/pages\/4797\/revisions"}],"predecessor-version":[{"id":4809,"href":"https:\/\/p2ptec.com\/es\/wp-json\/wp\/v2\/pages\/4797\/revisions\/4809"}],"up":[{"embeddable":true,"href":"https:\/\/p2ptec.com\/es\/wp-json\/wp\/v2\/pages\/4530"}],"wp:attachment":[{"href":"https:\/\/p2ptec.com\/es\/wp-json\/wp\/v2\/media?parent=4797"}],"curies":[{"name":"wp","href":"https:\/\/api.w.org\/{rel}","templated":true}]}}